{"id":1834,"date":"2022-04-08T18:14:56","date_gmt":"2022-04-08T18:14:56","guid":{"rendered":"https:\/\/osteopatheparent.ca\/osteopathy-clinic-in-chambly\/"},"modified":"2024-11-13T16:58:11","modified_gmt":"2024-11-13T16:58:11","slug":"osteopathy-clinic-in-chambly","status":"publish","type":"page","link":"https:\/\/osteopatheparent.ca\/en\/osteopathy-clinic-in-chambly\/","title":{"rendered":"Osteopathy clinic in chambly"},"content":{"rendered":"\n<div class=\"wp-block-cover alignfull is-light has-parallax is-position-center-center\" style=\"min-height:60vh;aspect-ratio:unset;\"><span aria-hidden=\"true\" class=\"wp-block-cover__background has-ast-global-color-4-background-color has-background-dim\"><\/span><div class=\"wp-block-cover__image-background wp-image-1077 has-parallax\" style=\"background-position:50% 50%;background-image:url(https:\/\/osteopatheparent.ca\/wp-content\/uploads\/2022\/06\/chambly.jpg)\"><\/div><div class=\"wp-block-cover__inner-container is-layout-flow wp-block-cover-is-layout-flow\">\n<div class=\"wp-block-columns alignfull are-vertically-aligned-center is-layout-flex wp-container-core-columns-is-layout-28f84493 wp-block-columns-is-layout-flex\">\n<div class=\"wp-block-column is-vertically-aligned-center is-layout-flow wp-block-column-is-layout-flow\">\n<h5 class=\"wp-block-heading has-ast-global-color-0-color has-text-color\">Daniel Parent<\/h5>\n\n\n\n<h1 class=\"wp-block-heading has-ast-global-color-1-color has-text-color\">Osteopathy Clinic<\/h1>\n\n\n\n<h1 class=\"wp-block-heading has-ast-global-color-1-color has-text-color\">In <strong>Chambly <\/strong> <\/h1>\n\n\n\n<div class=\"wp-block-columns is-layout-flex wp-container-core-columns-is-layout-28f84493 wp-block-columns-is-layout-flex\">\n<div class=\"wp-block-column is-layout-flow wp-block-column-is-layout-flow\">\n<div class=\"wp-block-buttons is-layout-flex wp-block-buttons-is-layout-flex\">\n<div class=\"wp-block-button\"><a class=\"wp-block-button__link wp-element-button\" href=\"https:\/\/osteopatheparent.ca\/en\/contact-parent-osteopath\/\">Contact<\/a><\/div>\n<\/div>\n<\/div>\n\n\n\n<div class=\"wp-block-column is-layout-flow wp-block-column-is-layout-flow\">\n<div data-professionalpagename=\"\" data-bookingwidgeturlparams=\"companyId=111722\" data-language=\"fr\" data-label=\"Prendre un rendez-vous\" data-url=\"https:\/\/www.gorendezvous.com\/\" class=\"gorendezvous-button\" data-buttoncolor=\"danger\" data-width=\"280px\" data-height=\"50px\"><a href=\"https:\/\/www.gorendezvous.com\/homepage\/111722\" target=\"GOrendezvous\" rel=\"noopener nofollow\">Make an appointment<\/a><\/div>\n\n<script>!function (d, s) { var js, sid = \"gorendezvous-bookingwidget-script\"; var sEl = d.getElementById(sid); if(sEl) { sEl.parentNode.removeChild(sEl); } js = d.createElement(s); js.id = sid; js.src = \"https:\/\/www.gorendezvous.com\/Scripts\/gorendezvous.bookingWidgetV2.min.js?v=\" + (Math.floor(new Date().getTime()\/(1000*60*30))*(1000*60*30)).toString(); d.body.appendChild(js); } (document, \"script\");<\/script>\n<\/div>\n<\/div>\n<\/div>\n<\/div>\n<\/div><\/div>\n\n<div class=\"inherit-container-width wp-block-group alignfull has-ast-global-color-1-background-color has-background is-layout-constrained wp-block-group-is-layout-constrained\"><div class=\"wp-block-group__inner-container\">\n<div class=\"wp-block-columns alignwide is-layout-flex wp-container-core-columns-is-layout-28f84493 wp-block-columns-is-layout-flex\">\n<div class=\"wp-block-column is-layout-flow wp-block-column-is-layout-flow\" style=\"flex-basis:60%\">\n<figure class=\"wp-block-image size-large\"><img decoding=\"async\" width=\"1024\" height=\"680\" src=\"https:\/\/osteopatheparent.ca\/wp-content\/uploads\/2022\/04\/banc-saint-phillipe-1024x680.jpg\" alt=\"Banc-Saint-Phillipe\" class=\"wp-image-596\" srcset=\"https:\/\/osteopatheparent.ca\/wp-content\/uploads\/2022\/04\/banc-saint-phillipe-1024x680.jpg 1024w, https:\/\/osteopatheparent.ca\/wp-content\/uploads\/2022\/04\/banc-saint-phillipe-300x199.jpg 300w, https:\/\/osteopatheparent.ca\/wp-content\/uploads\/2022\/04\/banc-saint-phillipe-768x510.jpg 768w, https:\/\/osteopatheparent.ca\/wp-content\/uploads\/2022\/04\/banc-saint-phillipe-1536x1020.jpg 1536w, https:\/\/osteopatheparent.ca\/wp-content\/uploads\/2022\/04\/banc-saint-phillipe.jpg 1920w\" sizes=\"(max-width: 1024px) 100vw, 1024px\" \/><\/figure>\n<\/div>\n\n\n\n<div class=\"wp-block-column is-layout-flow wp-block-column-is-layout-flow\" style=\"flex-basis:40%\">\n<p class=\"is-style-highlight-text has-ast-global-color-4-color has-text-color\">To treat pain related to muscles and skeletons, there is nothing better than the intervention of an <strong>osteopath<\/strong>. His area of expertise can even go beyond back pain therapy. It can affect several areas or organs of the body. Let&#8217;s discover the world of this therapy applied by specialist Daniel Parent in <strong>Chambly<\/strong>.<\/p>\n<\/div>\n<\/div>\n<\/div><\/div>\n\n<div class=\"inherit-container-width wp-block-group alignfull is-layout-constrained wp-block-group-is-layout-constrained\"><div class=\"wp-block-group__inner-container\">\n<div class=\"wp-block-columns alignwide is-layout-flex wp-container-core-columns-is-layout-28f84493 wp-block-columns-is-layout-flex\">\n<div class=\"wp-block-column is-layout-flow wp-block-column-is-layout-flow\">\n<h2 class=\"wp-block-heading\">Osteopath in CHAMBLY<\/h2>\n\n\n\n<p>If you live in Chambly, you will be delighted to receive the osteopathy care provided by <strong>Parent<\/strong> <strong>Ost\u00e9opathe<\/strong>. This clinic was created by Daniel Parent after he received his B.Sc. in physical activity. He also holds a DO from the Coll\u00e8ge d&#8217;\u00c9tudes Ost\u00e9opathiques de Montr\u00e9al.<\/p>\n\n\n\n<p>Under the direction of Daniel Parent, the practice&#8217;s staff makes every effort to provide patients with the highest quality of care. This <strong>practical manual<\/strong> medicine is an alternative of choice for the <strong>treatment of pain<\/strong>. Our staff looks forward to welcoming you to the office.<\/p>\n\n\n\n<h2 class=\"wp-block-heading\">Our approaches to care at the osteopathy office in CHAMBLY<\/h2>\n\n\n\n<p>At our osteopath clinic in Chambly, we have adopted a number of <strong>health<\/strong> care techniques. Generally, each of the pathologies such as back pain, neck pain, etc. is the common consequence of several causes. Therefore, during a treatment session, several techniques will be used. Several approaches will also be followed. These are:<\/p>\n\n\n\n<ul class=\"wp-block-list\">\n<li>structural approaches: they concern the joints and the whole of biological mechanics;<\/li>\n\n\n\n<li>visceral approaches: they concern the viscera and all other organs;<\/li>\n\n\n\n<li>cranial osteopathy: it affects the bones of the skull and other areas;<\/li>\n\n\n\n<li>Reactivation of vital energy: this approach involves the body&#8217;s energy and aims to achieve a state of <strong>homeostasis<\/strong> in the body.<\/li>\n<\/ul>\n\n\n\n<p>Osteopathy care in general and sore back care is based on the search for the causes of the ailment. To be able to rid the patient of his suffering and provide him with <strong>well-being<\/strong>, it is necessary to go through several steps. Each step corresponds to one of the approaches we have just mentioned.<\/p>\n<\/div>\n<\/div>\n<\/div><\/div>\n\n<div class=\"wp-block-cover alignfull has-parallax\" style=\"min-height:20vw;aspect-ratio:unset;\"><span aria-hidden=\"true\" class=\"wp-block-cover__background has-ast-global-color-0-background-color has-background-dim-70 has-background-dim\"><\/span><div class=\"wp-block-cover__image-background wp-image-211 has-parallax\" style=\"background-position:50% 50%;background-image:url(https:\/\/osteopatheparent.ca\/wp-content\/uploads\/2022\/02\/deroulement_seance_osteopathie.jpg)\"><\/div><div class=\"wp-block-cover__inner-container is-layout-flow wp-block-cover-is-layout-flow\">\n<div class=\"wp-block-columns alignfull is-layout-flex wp-container-core-columns-is-layout-28f84493 wp-block-columns-is-layout-flex\">\n<div class=\"wp-block-column is-vertically-aligned-center is-layout-flow wp-block-column-is-layout-flow\">\n<h2 class=\"wp-block-heading\">What happens during a session at the osteopathy practice in Chambly<\/h2>\n\n\n\n<p>To achieve our desired results, in a fairly short time, we have set up a treatment protocol.<\/p>\n\n\n\n<p>For the first visit to us, the patient goes through the <strong>anamnesis<\/strong> stage. This involves submitting a questionnaire to the patient in order to determine his or her motivations for coming for consultation. It is here that we discover the symptoms experienced by him. A health check-up will be done taking into account the patient&#8217;s medical history as well as their past or recent traumas.<\/p>\n\n\n\n<p>This will be followed by a physical <strong>examination<\/strong> . It consists of the osteopath observing the patient in various positions. Several mobility tests will be carried out. We will assess its vitality. Several techniques, including palpation, are used.<\/p>\n\n\n\n<p>The osteopath will then set up a treatment plan. It can change over time depending on the progress made. Manual techniques are at the heart of the <strong>treatment<\/strong>. The subject will be dressed in clothes specially made for <strong>osteopathic<\/strong> care. These relatively elastic garments make it much easier to move. Following each treatment session, advice is given to patients by the practitioner.<\/p>\n\n\n\n<p>With us, a treatment session lasts, about 45 minutes. You can then schedule a next appointment if necessary.<\/p>\n<\/div>\n<\/div>\n\n\n\n<div style=\"height:40px\" aria-hidden=\"true\" class=\"wp-block-spacer\"><\/div>\n\n\n\n<div class=\"wp-block-columns alignfull are-vertically-aligned-center is-layout-flex wp-container-core-columns-is-layout-28f84493 wp-block-columns-is-layout-flex\">\n<div class=\"wp-block-column is-vertically-aligned-center is-layout-flow wp-block-column-is-layout-flow\">\n<p class=\"has-text-align-left is-style-highlight-text\" style=\"font-size:30px\"><strong>If any of these ailments affect you, there are solutions.  <a href=\"tel:5143824774\">514 382-4774<\/a><\/strong><\/p>\n<\/div>\n<\/div>\n<\/div><\/div>\n\n<div class=\"inherit-container-width wp-block-group alignfull is-layout-constrained wp-block-group-is-layout-constrained\"><div class=\"wp-block-group__inner-container\">\n<div class=\"wp-block-columns alignwide is-layout-flex wp-container-core-columns-is-layout-28f84493 wp-block-columns-is-layout-flex\">\n<div class=\"wp-block-column is-layout-flow wp-block-column-is-layout-flow\">\n<h2 class=\"wp-block-heading\">What are the treatment problemsWhat ailments does osteopathy treat?<\/h2>\n\n\n\n<p>At the genesis of all pain is a cause. We know this so well that we easily understand you when you complain of pain even though the medical tests reveal nothing. So osteopathy reveals itself by its <strong>global approach<\/strong> as the best alternative to get rid of these ailments. At Clinique Parent, we treat several ailments:<\/p>\n\n\n\n<ul class=\"wp-block-list\">\n<li>relating to muscles and joints;<\/li>\n\n\n\n<li>on the digestive level;<\/li>\n\n\n\n<li>relating to the sequelae of trauma;<\/li>\n\n\n\n<li>related to neurological disorders;<\/li>\n\n\n\n<li>on the neuro-vegetative level;<\/li>\n\n\n\n<li>cranial plane;<\/li>\n\n\n\n<li>related to the urinary and gynaecological system;<\/li>\n\n\n\n<li>relating to the circulatory system;<\/li>\n\n\n\n<li>ENT and pulmonary ENT;<\/li>\n\n\n\n<li><strong>around pregnancy<\/strong>;<\/li>\n\n\n\n<li>in <strong>babies<\/strong>;<\/li>\n\n\n\n<li>affecting children and adolescents;<\/li>\n\n\n\n<li>related to the condition of <strong>seniors<\/strong>\/<strong>seniors<\/strong>.<\/li>\n<\/ul>\n\n\n\n<p>Faced with all these ailments, osteopathy has proven its effectiveness time and time again. It is important to note that it is our policy not to wait for illness to occur in order to provide care. We are also in a <strong>preventive<\/strong> approach.<\/p>\n\n\n\n<h2 class=\"wp-block-heading\">Osteopathy at home: patient care in Chambly<\/h2>\n\n\n\n<p>For many reasons, opting for osteopathy at home is the best choice. First of all, this approach is particularly adapted to the condition of people with reduced mobility. Seniors also find it very interesting to opt for this approach.<\/p>\n\n\n\n<p>Visiting an osteopath at home as part of a care can be of great benefit to pregnant women. Indeed, they usually have difficulty driving or walking. Let&#8217;s not forget that the situation of a pregnant woman is delicate. The volume of their bellies in the third trimester particularly restricts their movements.<\/p>\n\n\n\n<p>In the same vein, it is useful to plan osteopathic consultations at home for the baby and its mother. The fact is that moving an infant requires complex arrangements. The mother must carry everything she will need to take care of her baby. And let&#8217;s not forget the moments spent behind the wheel with an infant in the back seat. There is also the transition from baby to stroller and vice versa.<\/p>\n\n\n\n<p>Finally, at-home sessions are also suitable for people who really don&#8217;t have the time to go to the clinic. They could ask the <strong>osteopath Parent<\/strong> to come to the office for sessions during break hours.<\/p>\n<\/div>\n<\/div>\n<\/div><\/div>\n\n<div class=\"inherit-container-width wp-block-group alignfull has-background is-layout-constrained wp-block-group-is-layout-constrained\" style=\"background-color:#f4f5f6\"><div class=\"wp-block-group__inner-container\">\n<div class=\"wp-block-columns alignwide are-vertically-aligned-center is-layout-flex wp-container-core-columns-is-layout-28f84493 wp-block-columns-is-layout-flex\">\n<div class=\"wp-block-column is-vertically-aligned-center is-layout-flow wp-block-column-is-layout-flow\" style=\"flex-basis:50%\">\n<div class=\"inherit-container-width wp-block-group is-layout-constrained wp-block-group-is-layout-constrained\"><div class=\"wp-block-group__inner-container\">\n<h2 class=\"wp-block-heading\">Osteopath at home<\/h2>\n\n\n\n<p class=\"is-style-highlight-text\">Osteopathy consultations at home<br\/>For any information contact me.<\/p>\n\n\n\n<h4 class=\"wp-block-heading has-ast-global-color-1-color has-text-color\"><strong>Email<\/strong><\/h4>\n\n\n\n<p><a href=\"mailto:contact@osteopatheparent.ca\">contact@osteopatheparent.ca<\/a><\/p>\n\n\n\n<h4 class=\"wp-block-heading has-ast-global-color-1-color has-text-color\"><strong>Phone<\/strong><\/h4>\n\n\n\n<p><a href=\"tel:15143824774\">+1 (514) 382-4774<\/a><\/p>\n<\/div><\/div>\n<\/div>\n\n\n\n<div class=\"wp-block-column is-vertically-aligned-center is-layout-flow wp-block-column-is-layout-flow\" style=\"flex-basis:50%\">\n<div class=\"inherit-container-width wp-block-group has-white-background-color has-background is-layout-constrained wp-block-group-is-layout-constrained\"><div class=\"wp-block-group__inner-container\"><div class=\"wpforms-container wpforms-container-full wpforms-block wpforms-block-4d9553e9-cf74-42ed-b207-905ed5620d30\" id=\"wpforms-298\"><form id=\"wpforms-form-298\" class=\"wpforms-validate wpforms-form\" data-formid=\"298\" method=\"post\" enctype=\"multipart\/form-data\" action=\"\/en\/wp-json\/wp\/v2\/pages\/1834\" data-token=\"787ee320dbac34021403fb457e301730\" data-token-time=\"1776967773\"><noscript class=\"wpforms-error-noscript\">Please enable JavaScript in your browser to complete this form.<\/noscript><div class=\"wpforms-field-container\"><div id=\"wpforms-298-field_0-container\" class=\"wpforms-field wpforms-field-name\" data-field-id=\"0\"><label class=\"wpforms-field-label wpforms-label-hide\" for=\"wpforms-298-field_0\">Name <span class=\"wpforms-required-label\">*<\/span><\/label><input type=\"text\" id=\"wpforms-298-field_0\" class=\"wpforms-field-large wpforms-field-required\" name=\"wpforms[fields][0]\" placeholder=\"Name\" required><\/div><div id=\"wpforms-298-field_1-container\" class=\"wpforms-field wpforms-field-email\" data-field-id=\"1\"><label class=\"wpforms-field-label wpforms-label-hide\" for=\"wpforms-298-field_1\">Email <span class=\"wpforms-required-label\">*<\/span><\/label><input type=\"email\" id=\"wpforms-298-field_1\" class=\"wpforms-field-large wpforms-field-required\" name=\"wpforms[fields][1]\" placeholder=\"Email\" spellcheck=\"false\" required><\/div><div id=\"wpforms-298-field_3-container\" class=\"wpforms-field wpforms-field-text\" data-field-id=\"3\"><label class=\"wpforms-field-label wpforms-label-hide\" for=\"wpforms-298-field_3\">Subject <span class=\"wpforms-required-label\">*<\/span><\/label><input type=\"text\" id=\"wpforms-298-field_3\" class=\"wpforms-field-large wpforms-field-required\" name=\"wpforms[fields][3]\" placeholder=\"Subject\" required><\/div><div id=\"wpforms-298-field_2-container\" class=\"wpforms-field wpforms-field-textarea\" data-field-id=\"2\"><label class=\"wpforms-field-label wpforms-label-hide\" for=\"wpforms-298-field_2\">Comment or Message <span class=\"wpforms-required-label\">*<\/span><\/label><textarea id=\"wpforms-298-field_2\" class=\"wpforms-field-medium wpforms-field-required\" name=\"wpforms[fields][2]\" placeholder=\"Message\" required><\/textarea><\/div><\/div><!-- .wpforms-field-container --><div class=\"wpforms-field wpforms-field-hp\"><label for=\"wpforms-298-field-hp\" class=\"wpforms-field-label\">Name<\/label><input type=\"text\" name=\"wpforms[hp]\" id=\"wpforms-298-field-hp\" class=\"wpforms-field-medium\"><\/div><div class=\"wpforms-submit-container\" ><input type=\"hidden\" name=\"wpforms[id]\" value=\"298\"><input type=\"hidden\" name=\"page_title\" value=\"\"><input type=\"hidden\" name=\"page_url\" value=\"https:\/\/osteopatheparent.ca\/en\/wp-json\/wp\/v2\/pages\/1834\"><input type=\"hidden\" name=\"url_referer\" value=\"\"><button type=\"submit\" name=\"wpforms[submit]\" id=\"wpforms-submit-298\" class=\"wpforms-submit\" data-alt-text=\"Sending...\" data-submit-text=\"Send Message\" aria-live=\"assertive\" value=\"wpforms-submit\">Send Message<\/button><\/div><\/form><\/div>  <!-- .wpforms-container --><\/div><\/div>\n<\/div>\n<\/div>\n\n\n\n<div style=\"height:80px\" aria-hidden=\"true\" class=\"wp-block-spacer\"><\/div>\n\n\n\n<figure class=\"wp-block-image alignwide size-large\"><img decoding=\"async\" width=\"1024\" height=\"226\" src=\"https:\/\/osteopatheparent.ca\/wp-content\/uploads\/2022\/07\/osteo-02-1024x226.jpg\" alt=\"osteopathy\" class=\"wp-image-1283\" srcset=\"https:\/\/osteopatheparent.ca\/wp-content\/uploads\/2022\/07\/osteo-02-1024x226.jpg 1024w, https:\/\/osteopatheparent.ca\/wp-content\/uploads\/2022\/07\/osteo-02-300x66.jpg 300w, https:\/\/osteopatheparent.ca\/wp-content\/uploads\/2022\/07\/osteo-02-768x169.jpg 768w, https:\/\/osteopatheparent.ca\/wp-content\/uploads\/2022\/07\/osteo-02.jpg 1361w\" sizes=\"(max-width: 1024px) 100vw, 1024px\" \/><\/figure>\n\n\n\n<div class=\"wp-block-columns alignwide is-layout-flex wp-container-core-columns-is-layout-28f84493 wp-block-columns-is-layout-flex\">\n<div class=\"wp-block-column is-layout-flow wp-block-column-is-layout-flow\">\n<h3 class=\"wp-block-heading has-ast-global-color-1-color has-text-color\"><strong>BroSSaRD<\/strong><\/h3>\n\n\n\n<p>395 Maple Avenue, Saint-Lambert, QC, J4P-2S5<\/p>\n\n\n\n<p><strong>(514) 382-4774<\/strong><\/p>\n<\/div>\n\n\n\n<div class=\"wp-block-column is-layout-flow wp-block-column-is-layout-flow\">\n<h3 class=\"wp-block-heading has-ast-global-color-1-color has-text-color\"><strong>Boucherville<\/strong><\/h3>\n\n\n\n<p>395 Maple Avenue, Saint-Lambert, QC, J4P-2S5<\/p>\n\n\n\n<p><strong>(514) 382-4774<\/strong><\/p>\n<\/div>\n\n\n\n<div class=\"wp-block-column is-layout-flow wp-block-column-is-layout-flow\">\n<h3 class=\"wp-block-heading has-ast-global-color-1-color has-text-color\"><strong>Montreal<\/strong><\/h3>\n\n\n\n<p>395 Maple Avenue, Saint-Lambert, QC, J4P-2S5<\/p>\n\n\n\n<p><strong>(514) 382-4774<\/strong><\/p>\n<\/div>\n\n\n\n<div class=\"wp-block-column is-layout-flow wp-block-column-is-layout-flow\">\n<h3 class=\"wp-block-heading has-ast-global-color-1-color has-text-color\"><strong>Longueuil<\/strong><\/h3>\n\n\n\n<p class=\"is-style-highlight-text\">395 Maple Avenue, Saint-Lambert, QC, J4P-2S5<\/p>\n\n\n\n<p class=\"is-style-highlight-text\"><strong>(514) 382-4774<\/strong><\/p>\n<\/div>\n<\/div>\n<\/div><\/div>\n","protected":false},"excerpt":{"rendered":"<p>To treat pain related to muscles and skeletons, there is nothing better than the intervention of an osteopath. His area of expertise can even go beyond back pain therapy. It can affect several areas or organs of the body. Let&#8217;s discover the world of this therapy applied by specialist Daniel Parent in Chambly. Osteopath in [&hellip;]<\/p>\n","protected":false},"author":1,"featured_media":0,"parent":0,"menu_order":0,"comment_status":"closed","ping_status":"closed","template":"","meta":{"_uag_custom_page_level_css":"","site-sidebar-layout":"default","site-content-layout":"","ast-site-content-layout":"default","site-content-style":"default","site-sidebar-style":"default","ast-global-header-display":"","ast-banner-title-visibility":"","ast-main-header-display":"","ast-hfb-above-header-display":"","ast-hfb-below-header-display":"","ast-hfb-mobile-header-display":"","site-post-title":"disabled","ast-breadcrumbs-content":"","ast-featured-img":"","footer-sml-layout":"","ast-disable-related-posts":"","theme-transparent-header-meta":"","adv-header-id-meta":"","stick-header-meta":"","header-above-stick-meta":"","header-main-stick-meta":"","header-below-stick-meta":"","astra-migrate-meta-layouts":"default","ast-page-background-enabled":"default","ast-page-background-meta":{"desktop":{"background-color":"var(--ast-global-color-4)","background-image":"","background-repeat":"repeat","background-position":"center center","background-size":"auto","background-attachment":"scroll","background-type":"","background-media":"","overlay-type":"","overlay-color":"","overlay-opacity":"","overlay-gradient":""},"tablet":{"background-color":"","background-image":"","background-repeat":"repeat","background-position":"center center","background-size":"auto","background-attachment":"scroll","background-type":"","background-media":"","overlay-type":"","overlay-color":"","overlay-opacity":"","overlay-gradient":""},"mobile":{"background-color":"","background-image":"","background-repeat":"repeat","background-position":"center center","background-size":"auto","background-attachment":"scroll","background-type":"","background-media":"","overlay-type":"","overlay-color":"","overlay-opacity":"","overlay-gradient":""}},"ast-content-background-meta":{"desktop":{"background-color":"var(--ast-global-color-5)","background-image":"","background-repeat":"repeat","background-position":"center center","background-size":"auto","background-attachment":"scroll","background-type":"","background-media":"","overlay-type":"","overlay-color":"","overlay-opacity":"","overlay-gradient":""},"tablet":{"background-color":"var(--ast-global-color-5)","background-image":"","background-repeat":"repeat","background-position":"center center","background-size":"auto","background-attachment":"scroll","background-type":"","background-media":"","overlay-type":"","overlay-color":"","overlay-opacity":"","overlay-gradient":""},"mobile":{"background-color":"var(--ast-global-color-5)","background-image":"","background-repeat":"repeat","background-position":"center center","background-size":"auto","background-attachment":"scroll","background-type":"","background-media":"","overlay-type":"","overlay-color":"","overlay-opacity":"","overlay-gradient":""}},"footnotes":""},"class_list":["post-1834","page","type-page","status-publish","hentry"],"uagb_featured_image_src":{"full":false,"thumbnail":false,"medium":false,"medium_large":false,"large":false,"1536x1536":false,"2048x2048":false},"uagb_author_info":{"display_name":"admin_osteo","author_link":"https:\/\/osteopatheparent.ca\/en\/author\/admin_osteo\/"},"uagb_comment_info":0,"uagb_excerpt":"To treat pain related to muscles and skeletons, there is nothing better than the intervention of an osteopath. His area of expertise can even go beyond back pain therapy. It can affect several areas or organs of the body. Let&#8217;s discover the world of this therapy applied by specialist Daniel Parent in Chambly. Osteopath in&hellip;","_links":{"self":[{"href":"https:\/\/osteopatheparent.ca\/en\/wp-json\/wp\/v2\/pages\/1834","targetHints":{"allow":["GET"]}}],"collection":[{"href":"https:\/\/osteopatheparent.ca\/en\/wp-json\/wp\/v2\/pages"}],"about":[{"href":"https:\/\/osteopatheparent.ca\/en\/wp-json\/wp\/v2\/types\/page"}],"author":[{"embeddable":true,"href":"https:\/\/osteopatheparent.ca\/en\/wp-json\/wp\/v2\/users\/1"}],"replies":[{"embeddable":true,"href":"https:\/\/osteopatheparent.ca\/en\/wp-json\/wp\/v2\/comments?post=1834"}],"version-history":[{"count":5,"href":"https:\/\/osteopatheparent.ca\/en\/wp-json\/wp\/v2\/pages\/1834\/revisions"}],"predecessor-version":[{"id":2064,"href":"https:\/\/osteopatheparent.ca\/en\/wp-json\/wp\/v2\/pages\/1834\/revisions\/2064"}],"wp:attachment":[{"href":"https:\/\/osteopatheparent.ca\/en\/wp-json\/wp\/v2\/media?parent=1834"}],"curies":[{"name":"wp","href":"https:\/\/api.w.org\/{rel}","templated":true}]}}