{"id":1831,"date":"2022-04-08T15:55:01","date_gmt":"2022-04-08T15:55:01","guid":{"rendered":"https:\/\/osteopatheparent.ca\/osteopathy-clinic-in-saint-jean-sur-richelieu\/"},"modified":"2024-11-13T16:58:25","modified_gmt":"2024-11-13T16:58:25","slug":"osteopathy-clinic-in-saint-jean-sur-richelieu","status":"publish","type":"page","link":"https:\/\/osteopatheparent.ca\/en\/osteopathy-clinic-in-saint-jean-sur-richelieu\/","title":{"rendered":"Osteopathy clinic in Saint-Jean-sur-Richelieu"},"content":{"rendered":"\n<div class=\"wp-block-cover alignfull is-light has-parallax is-position-center-center\" style=\"min-height:60vh;aspect-ratio:unset;\"><span aria-hidden=\"true\" class=\"wp-block-cover__background has-ast-global-color-4-background-color has-background-dim\"><\/span><div class=\"wp-block-cover__image-background wp-image-1098 has-parallax\" style=\"background-position:50% 50%;background-image:url(https:\/\/osteopatheparent.ca\/wp-content\/uploads\/2022\/06\/saint-jean-sur-richelieu.jpg)\"><\/div><div class=\"wp-block-cover__inner-container is-layout-flow wp-block-cover-is-layout-flow\">\n<div class=\"wp-block-columns alignfull are-vertically-aligned-center is-layout-flex wp-container-core-columns-is-layout-28f84493 wp-block-columns-is-layout-flex\">\n<div class=\"wp-block-column is-vertically-aligned-center is-layout-flow wp-block-column-is-layout-flow\">\n<h5 class=\"wp-block-heading has-ast-global-color-0-color has-text-color\">Daniel Parent<\/h5>\n\n\n\n<h1 class=\"wp-block-heading has-ast-global-color-1-color has-text-color\">Osteopathy Clinic<\/h1>\n\n\n\n<h1 class=\"wp-block-heading has-ast-global-color-1-color has-text-color\">In <strong>Saint-Jean-sur-Richelieu<\/strong><\/h1>\n\n\n\n<div class=\"wp-block-columns is-layout-flex wp-container-core-columns-is-layout-28f84493 wp-block-columns-is-layout-flex\">\n<div class=\"wp-block-column is-layout-flow wp-block-column-is-layout-flow\">\n<div class=\"wp-block-buttons is-layout-flex wp-block-buttons-is-layout-flex\">\n<div class=\"wp-block-button\"><a class=\"wp-block-button__link wp-element-button\" href=\"https:\/\/osteopatheparent.ca\/en\/contact-parent-osteopath\/\">Contact<\/a><\/div>\n<\/div>\n<\/div>\n\n\n\n<div class=\"wp-block-column is-layout-flow wp-block-column-is-layout-flow\">\n<div data-professionalpagename=\"\" data-bookingwidgeturlparams=\"companyId=111722\" data-language=\"fr\" data-label=\"Prendre un rendez-vous\" data-url=\"https:\/\/www.gorendezvous.com\/\" class=\"gorendezvous-button\" data-buttoncolor=\"danger\" data-width=\"280px\" data-height=\"50px\"><a href=\"https:\/\/www.gorendezvous.com\/homepage\/111722\" target=\"GOrendezvous\" rel=\"noopener nofollow\">Make an appointment<\/a><\/div>\n\n<script>!function (d, s) { var js, sid = \"gorendezvous-bookingwidget-script\"; var sEl = d.getElementById(sid); if(sEl) { sEl.parentNode.removeChild(sEl); } js = d.createElement(s); js.id = sid; js.src = \"https:\/\/www.gorendezvous.com\/Scripts\/gorendezvous.bookingWidgetV2.min.js?v=\" + (Math.floor(new Date().getTime()\/(1000*60*30))*(1000*60*30)).toString(); d.body.appendChild(js); } (document, \"script\");<\/script>\n<\/div>\n<\/div>\n<\/div>\n<\/div>\n<\/div><\/div>\n\n<div class=\"inherit-container-width wp-block-group alignfull has-ast-global-color-1-background-color has-background is-layout-constrained wp-block-group-is-layout-constrained\"><div class=\"wp-block-group__inner-container\">\n<div class=\"wp-block-columns alignwide is-layout-flex wp-container-core-columns-is-layout-28f84493 wp-block-columns-is-layout-flex\">\n<div class=\"wp-block-column is-layout-flow wp-block-column-is-layout-flow\" style=\"flex-basis:60%\">\n<figure class=\"wp-block-image size-large\"><img decoding=\"async\" width=\"1024\" height=\"678\" src=\"https:\/\/osteopatheparent.ca\/wp-content\/uploads\/2022\/04\/saint-jean-sur-richelieu-1024x678.jpg\" alt=\"Saint-jean\" class=\"wp-image-588\" srcset=\"https:\/\/osteopatheparent.ca\/wp-content\/uploads\/2022\/04\/saint-jean-sur-richelieu-1024x678.jpg 1024w, https:\/\/osteopatheparent.ca\/wp-content\/uploads\/2022\/04\/saint-jean-sur-richelieu-300x199.jpg 300w, https:\/\/osteopatheparent.ca\/wp-content\/uploads\/2022\/04\/saint-jean-sur-richelieu-768x508.jpg 768w, https:\/\/osteopatheparent.ca\/wp-content\/uploads\/2022\/04\/saint-jean-sur-richelieu-1536x1017.jpg 1536w, https:\/\/osteopatheparent.ca\/wp-content\/uploads\/2022\/04\/saint-jean-sur-richelieu.jpg 1920w\" sizes=\"(max-width: 1024px) 100vw, 1024px\" \/><\/figure>\n<\/div>\n\n\n\n<div class=\"wp-block-column is-layout-flow wp-block-column-is-layout-flow\" style=\"flex-basis:40%\">\n<p class=\"is-style-highlight-text has-ast-global-color-4-color has-text-color\"><strong>Osteopathy<\/strong>, a medical science that removes joint blockages in the human body, is becoming more and more widespread. This unconventional medicine has proven to be useful in treating several ailments.  <\/p>\n\n\n\n<p class=\"is-style-highlight-text has-ast-global-color-4-color has-text-color\">  In <strong>Saint-Jean-sur-Richelieu<\/strong> and the surrounding area, your osteopath takes care of all your muscle pain with special services.<\/p>\n<\/div>\n<\/div>\n<\/div><\/div>\n\n<div class=\"inherit-container-width wp-block-group alignfull is-layout-constrained wp-block-group-is-layout-constrained\"><div class=\"wp-block-group__inner-container\">\n<div class=\"wp-block-columns alignwide is-layout-flex wp-container-core-columns-is-layout-28f84493 wp-block-columns-is-layout-flex\">\n<div class=\"wp-block-column is-layout-flow wp-block-column-is-layout-flow\">\n<h2 class=\"wp-block-heading\">Your osteopath in Saint-Jean-sur-Richelieu<\/h2>\n\n\n\n<p>Parent Osteopath is a practice offering treatments to all residents of Saint-Jean-sur-Richelieu. We are effective in dealing with a number of problems. In reality, osteopathy, based on the principle of <strong>homeostasis<\/strong> (the body&#8217;s ability to heal itself), is a kind of medicine that ensures the restoration of movement and the vitality of tissues. It is based on the use of manual contact to carry out diagnoses and treatments. Your osteopath located in Saint-Jean-sur-Richelieu offers you his services for the <strong>treatment<\/strong> of your various ailments.<\/p>\n\n\n\n<h2 class=\"wp-block-heading\">Approaches to osteopathy in Saint-Jean-sur-Richelieu<\/h2>\n\n\n\n<p>There are several osteopathic procedures for treating patients, which depend on the origin of the patient&#8217;s discomfort. From structural and visceral approaches, cranial osteopathy and vital energy, we pay attention to everything in the healing process. The structural technique concerns the <strong>muscles and joints, the<\/strong> tendons. In short, biomechanics in general. The visceral one is used on the viscera and organs. The cranial approach encompasses the processes on the bones of the skull and face, while the vital energy approach targets the channels where the energy of the human body circulates. During a session, the osteopath will proceed with a <strong>global approach<\/strong> by looking at the entire human body and then using the approaches mentioned above for the <strong>treatment of pain.<\/strong><\/p>\n<\/div>\n<\/div>\n<\/div><\/div>\n\n<div class=\"wp-block-cover alignfull has-parallax\" style=\"min-height:20vw;aspect-ratio:unset;\"><span aria-hidden=\"true\" class=\"wp-block-cover__background has-ast-global-color-0-background-color has-background-dim-70 has-background-dim\"><\/span><div class=\"wp-block-cover__image-background wp-image-211 has-parallax\" style=\"background-position:50% 50%;background-image:url(https:\/\/osteopatheparent.ca\/wp-content\/uploads\/2022\/02\/deroulement_seance_osteopathie.jpg)\"><\/div><div class=\"wp-block-cover__inner-container is-layout-flow wp-block-cover-is-layout-flow\">\n<div class=\"wp-block-columns alignfull is-layout-flex wp-container-core-columns-is-layout-28f84493 wp-block-columns-is-layout-flex\">\n<div class=\"wp-block-column is-vertically-aligned-center is-layout-flow wp-block-column-is-layout-flow\">\n<h2 class=\"wp-block-heading\">What happens during an osteopathy session in Saint-Jean-sur-Richelieu?<\/h2>\n\n\n\n<p>The osteopathic consultation takes place in several stages. If it is a first session, the specialist will first take a <strong>history of the procedure<\/strong>. This is a questionnaire that allows them to have an overall idea of the reasons for consulting the patient in order to establish a report. To achieve this, the osteopath takes into account the physical and psychological state of his client. After this step, he moves on to a physical examination in which he examines his patient in different positions. It is at this level that he carries out mobility and vitality tests by performing <strong>palpation<\/strong>. Based on this <strong>examination<\/strong>, he makes a diagnosis to identify the causes of the symptoms before proceeding with an osteopathic treatment plan. At this level, the specialist <strong>employs manual practices.<\/strong> Depending on the needs, the latter performs muscular or joint work, <strong>cranial<\/strong> or visceral work. Indeed, the goal is to reinvigorate tissue mobility and vitality. After the treatment, the osteopath gives advice to the patient and recommends the behaviors to adopt for a quick recovery. Finally, the client will agree with the specialist on any other treatments to be planned before moving.<\/p>\n<\/div>\n<\/div>\n\n\n\n<div style=\"height:40px\" aria-hidden=\"true\" class=\"wp-block-spacer\"><\/div>\n\n\n\n<div class=\"wp-block-columns alignfull are-vertically-aligned-center is-layout-flex wp-container-core-columns-is-layout-28f84493 wp-block-columns-is-layout-flex\">\n<div class=\"wp-block-column is-vertically-aligned-center is-layout-flow wp-block-column-is-layout-flow\">\n<p class=\"has-text-align-left is-style-highlight-text\" style=\"font-size:30px\"><strong>If any of these ailments affect you, there are solutions.  <a href=\"tel:5143824774\">514 382-4774<\/a><\/strong><\/p>\n<\/div>\n<\/div>\n<\/div><\/div>\n\n<div class=\"inherit-container-width wp-block-group alignfull is-layout-constrained wp-block-group-is-layout-constrained\"><div class=\"wp-block-group__inner-container\">\n<div class=\"wp-block-columns alignwide is-layout-flex wp-container-core-columns-is-layout-28f84493 wp-block-columns-is-layout-flex\">\n<div class=\"wp-block-column is-layout-flow wp-block-column-is-layout-flow\">\n<h2 class=\"wp-block-heading\">What are the problems treated by osteopathy in Saint-Jean-sur-Richelieu?<\/h2>\n\n\n\n<p>Osteopathy can be used to treat several diseases, the causes of which are sometimes undetectable by medical imaging. In Saint-Jean-sur-Richelieu, our practice sees patients to solve many ailments.<\/p>\n\n\n\n<p>One of the most common reasons is pain in the muscles and joints. Whether it&#8217;s lumbar discomfort, various sprains, spinal pain, shoulder or groin pain, posture problems, etc., we treat them effectively. Osteopathy also deals with <strong>digestive<\/strong> problems (poor digestion, heartburn, constipation, diarrhea, etc.). In addition to these physical problems that we treat, we are also able to deal with <strong>the after-effects of trauma<\/strong> and <strong>neurological disorders<\/strong>.<\/p>\n\n\n\n<p>Osteopathy also treats <strong>neuro-vegetative<\/strong> problems (depression, lack of sleep, fatigue, etc.) and <strong>cranial<\/strong>problems (migraines, Arnold&#8217;s neuralgia, etc.) urinary incontinence, painful periods, problems related to the <strong>urinary and gynecological system<\/strong> can be relieved by osteopathic techniques. It is also possible to treat all kinds of diseases related to the <strong>circulatory system<\/strong>, ENT and <strong>pulmonary<\/strong>(sinusitis, asthma and others) with this medical science. Finally, the consultation is open to all ages, from <strong>babies<\/strong> to <strong>adults<\/strong> , including <strong>children<\/strong> and <strong>adolescents<\/strong>.<\/p>\n\n\n\n<p>Seniors (seniors<strong>\/seniors<\/strong>) in Saint-Luc-Village or Vieux-Saint-Jean also benefit from excellent treatments for their various types of pain. Pregnant women in \u00cele-Sainte-Th\u00e9r\u00e8se or Saint-Lucien can also relieve some <strong>of the ailments surrounding pregnancy<\/strong> with this medical science. In addition, this form of medicine is also useful in the <strong>prevention<\/strong> of several diseases. Do not hesitate to come to us for the best treatments and services in this area if you are near Sacr\u00e9-Coeur or Saint-Eug\u00e8ne.<\/p>\n\n\n\n<h2 class=\"wp-block-heading\">Osteopathy at home: an interesting option to consider here in Saint-Jean-sur-Richelieu<\/h2>\n\n\n\n<p>If you are located in Saint-Jean-sur-Richelieu in general and in this case in Saint-No\u00ebl-Chabanel or Saint-G\u00e9rard, you will appreciate our services in terms of osteopathy at home. In fact, we are available throughout the region at any time to meet all your needs. With this offer, you no longer have to travel with your ailment to the practice. We come to you for consultation and treatment of your disease. We take care of you completely, giving you the opportunity to benefit from all the treatments at home. Trust us for your <strong>well-being<\/strong> and you won&#8217;t be disappointed.<\/p>\n<\/div>\n<\/div>\n<\/div><\/div>\n\n<div class=\"inherit-container-width wp-block-group alignfull has-background is-layout-constrained wp-block-group-is-layout-constrained\" style=\"background-color:#f4f5f6\"><div class=\"wp-block-group__inner-container\">\n<div class=\"wp-block-columns alignwide are-vertically-aligned-center is-layout-flex wp-container-core-columns-is-layout-28f84493 wp-block-columns-is-layout-flex\">\n<div class=\"wp-block-column is-vertically-aligned-center is-layout-flow wp-block-column-is-layout-flow\" style=\"flex-basis:50%\">\n<div class=\"inherit-container-width wp-block-group is-layout-constrained wp-block-group-is-layout-constrained\"><div class=\"wp-block-group__inner-container\">\n<h2 class=\"wp-block-heading\">Osteopath at home<\/h2>\n\n\n\n<p class=\"is-style-highlight-text\">Osteopathy consultations at home<br\/>For any information contact me.<\/p>\n\n\n\n<h4 class=\"wp-block-heading has-ast-global-color-1-color has-text-color\"><strong>Email<\/strong><\/h4>\n\n\n\n<p><a href=\"mailto:contact@osteopatheparent.ca\">contact@osteopatheparent.ca<\/a><\/p>\n\n\n\n<h4 class=\"wp-block-heading has-ast-global-color-1-color has-text-color\"><strong>Phone<\/strong><\/h4>\n\n\n\n<p><a href=\"tel:15143824774\">+1 (514) 382-4774<\/a><\/p>\n<\/div><\/div>\n<\/div>\n\n\n\n<div class=\"wp-block-column is-vertically-aligned-center is-layout-flow wp-block-column-is-layout-flow\" style=\"flex-basis:50%\">\n<div class=\"inherit-container-width wp-block-group has-white-background-color has-background is-layout-constrained wp-block-group-is-layout-constrained\"><div class=\"wp-block-group__inner-container\"><div class=\"wpforms-container wpforms-container-full wpforms-block wpforms-block-ee621464-ad22-4777-8642-0652c87f4e76\" id=\"wpforms-298\"><form id=\"wpforms-form-298\" class=\"wpforms-validate wpforms-form\" data-formid=\"298\" method=\"post\" enctype=\"multipart\/form-data\" action=\"\/en\/wp-json\/wp\/v2\/pages\/1831\" data-token=\"787ee320dbac34021403fb457e301730\" data-token-time=\"1776961947\"><noscript class=\"wpforms-error-noscript\">Please enable JavaScript in your browser to complete this form.<\/noscript><div class=\"wpforms-field-container\"><div id=\"wpforms-298-field_0-container\" class=\"wpforms-field wpforms-field-name\" data-field-id=\"0\"><label class=\"wpforms-field-label wpforms-label-hide\" for=\"wpforms-298-field_0\">Name <span class=\"wpforms-required-label\">*<\/span><\/label><input type=\"text\" id=\"wpforms-298-field_0\" class=\"wpforms-field-large wpforms-field-required\" name=\"wpforms[fields][0]\" placeholder=\"Name\" required><\/div><div id=\"wpforms-298-field_1-container\" class=\"wpforms-field wpforms-field-email\" data-field-id=\"1\"><label class=\"wpforms-field-label wpforms-label-hide\" for=\"wpforms-298-field_1\">Email <span class=\"wpforms-required-label\">*<\/span><\/label><input type=\"email\" id=\"wpforms-298-field_1\" class=\"wpforms-field-large wpforms-field-required\" name=\"wpforms[fields][1]\" placeholder=\"Email\" spellcheck=\"false\" required><\/div><div id=\"wpforms-298-field_3-container\" class=\"wpforms-field wpforms-field-text\" data-field-id=\"3\"><label class=\"wpforms-field-label wpforms-label-hide\" for=\"wpforms-298-field_3\">Subject <span class=\"wpforms-required-label\">*<\/span><\/label><input type=\"text\" id=\"wpforms-298-field_3\" class=\"wpforms-field-large wpforms-field-required\" name=\"wpforms[fields][3]\" placeholder=\"Subject\" required><\/div><div id=\"wpforms-298-field_2-container\" class=\"wpforms-field wpforms-field-textarea\" data-field-id=\"2\"><label class=\"wpforms-field-label wpforms-label-hide\" for=\"wpforms-298-field_2\">Comment or Message <span class=\"wpforms-required-label\">*<\/span><\/label><textarea id=\"wpforms-298-field_2\" class=\"wpforms-field-medium wpforms-field-required\" name=\"wpforms[fields][2]\" placeholder=\"Message\" required><\/textarea><\/div><\/div><!-- .wpforms-field-container --><div class=\"wpforms-field wpforms-field-hp\"><label for=\"wpforms-298-field-hp\" class=\"wpforms-field-label\">Name<\/label><input type=\"text\" name=\"wpforms[hp]\" id=\"wpforms-298-field-hp\" class=\"wpforms-field-medium\"><\/div><div class=\"wpforms-submit-container\" ><input type=\"hidden\" name=\"wpforms[id]\" value=\"298\"><input type=\"hidden\" name=\"page_title\" value=\"\"><input type=\"hidden\" name=\"page_url\" value=\"https:\/\/osteopatheparent.ca\/en\/wp-json\/wp\/v2\/pages\/1831\"><input type=\"hidden\" name=\"url_referer\" value=\"\"><button type=\"submit\" name=\"wpforms[submit]\" id=\"wpforms-submit-298\" class=\"wpforms-submit\" data-alt-text=\"Sending...\" data-submit-text=\"Send Message\" aria-live=\"assertive\" value=\"wpforms-submit\">Send Message<\/button><\/div><\/form><\/div>  <!-- .wpforms-container --><\/div><\/div>\n<\/div>\n<\/div>\n\n\n\n<div style=\"height:80px\" aria-hidden=\"true\" class=\"wp-block-spacer\"><\/div>\n\n\n\n<figure class=\"wp-block-image alignwide size-large\"><img decoding=\"async\" width=\"1024\" height=\"226\" src=\"https:\/\/osteopatheparent.ca\/wp-content\/uploads\/2022\/07\/osteo-02-1024x226.jpg\" alt=\"osteopathy\" class=\"wp-image-1283\" srcset=\"https:\/\/osteopatheparent.ca\/wp-content\/uploads\/2022\/07\/osteo-02-1024x226.jpg 1024w, https:\/\/osteopatheparent.ca\/wp-content\/uploads\/2022\/07\/osteo-02-300x66.jpg 300w, https:\/\/osteopatheparent.ca\/wp-content\/uploads\/2022\/07\/osteo-02-768x169.jpg 768w, https:\/\/osteopatheparent.ca\/wp-content\/uploads\/2022\/07\/osteo-02.jpg 1361w\" sizes=\"(max-width: 1024px) 100vw, 1024px\" \/><\/figure>\n\n\n\n<div class=\"wp-block-columns alignwide is-layout-flex wp-container-core-columns-is-layout-28f84493 wp-block-columns-is-layout-flex\">\n<div class=\"wp-block-column is-layout-flow wp-block-column-is-layout-flow\">\n<h3 class=\"wp-block-heading has-ast-global-color-1-color has-text-color\"><strong>BroSSaRD<\/strong><\/h3>\n\n\n\n<p>395 Maple Avenue, Saint-Lambert, QC, J4P-2S5<\/p>\n\n\n\n<p><strong>(514) 382-4774<\/strong><\/p>\n<\/div>\n\n\n\n<div class=\"wp-block-column is-layout-flow wp-block-column-is-layout-flow\">\n<h3 class=\"wp-block-heading has-ast-global-color-1-color has-text-color\"><strong>Boucherville<\/strong><\/h3>\n\n\n\n<p>395 Maple Avenue, Saint-Lambert, QC, J4P-2S5<\/p>\n\n\n\n<p><strong>(514) 382-4774<\/strong><\/p>\n<\/div>\n\n\n\n<div class=\"wp-block-column is-layout-flow wp-block-column-is-layout-flow\">\n<h3 class=\"wp-block-heading has-ast-global-color-1-color has-text-color\"><strong>Montreal<\/strong><\/h3>\n\n\n\n<p>395 Maple Avenue, Saint-Lambert, QC, J4P-2S5<\/p>\n\n\n\n<p><strong>(514) 382-4774<\/strong><\/p>\n<\/div>\n\n\n\n<div class=\"wp-block-column is-layout-flow wp-block-column-is-layout-flow\">\n<h3 class=\"wp-block-heading has-ast-global-color-1-color has-text-color\"><strong>Longueuil<\/strong><\/h3>\n\n\n\n<p class=\"is-style-highlight-text\">395 Maple Avenue, Saint-Lambert, QC, J4P-2S5<\/p>\n\n\n\n<p class=\"is-style-highlight-text\"><strong>(514) 382-4774<\/strong><\/p>\n<\/div>\n<\/div>\n<\/div><\/div>\n","protected":false},"excerpt":{"rendered":"<p>Osteopathy, a medical science that removes joint blockages in the human body, is becoming more and more widespread. This unconventional medicine has proven to be useful in treating several ailments. In Saint-Jean-sur-Richelieu and the surrounding area, your osteopath takes care of all your muscle pain with special services. Your osteopath in Saint-Jean-sur-Richelieu Parent Osteopath is [&hellip;]<\/p>\n","protected":false},"author":1,"featured_media":0,"parent":0,"menu_order":0,"comment_status":"closed","ping_status":"closed","template":"","meta":{"_uag_custom_page_level_css":"","site-sidebar-layout":"default","site-content-layout":"","ast-site-content-layout":"default","site-content-style":"default","site-sidebar-style":"default","ast-global-header-display":"","ast-banner-title-visibility":"","ast-main-header-display":"","ast-hfb-above-header-display":"","ast-hfb-below-header-display":"","ast-hfb-mobile-header-display":"","site-post-title":"disabled","ast-breadcrumbs-content":"","ast-featured-img":"","footer-sml-layout":"","ast-disable-related-posts":"","theme-transparent-header-meta":"","adv-header-id-meta":"","stick-header-meta":"","header-above-stick-meta":"","header-main-stick-meta":"","header-below-stick-meta":"","astra-migrate-meta-layouts":"default","ast-page-background-enabled":"default","ast-page-background-meta":{"desktop":{"background-color":"var(--ast-global-color-4)","background-image":"","background-repeat":"repeat","background-position":"center center","background-size":"auto","background-attachment":"scroll","background-type":"","background-media":"","overlay-type":"","overlay-color":"","overlay-opacity":"","overlay-gradient":""},"tablet":{"background-color":"","background-image":"","background-repeat":"repeat","background-position":"center center","background-size":"auto","background-attachment":"scroll","background-type":"","background-media":"","overlay-type":"","overlay-color":"","overlay-opacity":"","overlay-gradient":""},"mobile":{"background-color":"","background-image":"","background-repeat":"repeat","background-position":"center center","background-size":"auto","background-attachment":"scroll","background-type":"","background-media":"","overlay-type":"","overlay-color":"","overlay-opacity":"","overlay-gradient":""}},"ast-content-background-meta":{"desktop":{"background-color":"var(--ast-global-color-5)","background-image":"","background-repeat":"repeat","background-position":"center center","background-size":"auto","background-attachment":"scroll","background-type":"","background-media":"","overlay-type":"","overlay-color":"","overlay-opacity":"","overlay-gradient":""},"tablet":{"background-color":"var(--ast-global-color-5)","background-image":"","background-repeat":"repeat","background-position":"center center","background-size":"auto","background-attachment":"scroll","background-type":"","background-media":"","overlay-type":"","overlay-color":"","overlay-opacity":"","overlay-gradient":""},"mobile":{"background-color":"var(--ast-global-color-5)","background-image":"","background-repeat":"repeat","background-position":"center center","background-size":"auto","background-attachment":"scroll","background-type":"","background-media":"","overlay-type":"","overlay-color":"","overlay-opacity":"","overlay-gradient":""}},"footnotes":""},"class_list":["post-1831","page","type-page","status-publish","hentry"],"uagb_featured_image_src":{"full":false,"thumbnail":false,"medium":false,"medium_large":false,"large":false,"1536x1536":false,"2048x2048":false},"uagb_author_info":{"display_name":"admin_osteo","author_link":"https:\/\/osteopatheparent.ca\/en\/author\/admin_osteo\/"},"uagb_comment_info":0,"uagb_excerpt":"Osteopathy, a medical science that removes joint blockages in the human body, is becoming more and more widespread. This unconventional medicine has proven to be useful in treating several ailments. In Saint-Jean-sur-Richelieu and the surrounding area, your osteopath takes care of all your muscle pain with special services. Your osteopath in Saint-Jean-sur-Richelieu Parent Osteopath is&hellip;","_links":{"self":[{"href":"https:\/\/osteopatheparent.ca\/en\/wp-json\/wp\/v2\/pages\/1831","targetHints":{"allow":["GET"]}}],"collection":[{"href":"https:\/\/osteopatheparent.ca\/en\/wp-json\/wp\/v2\/pages"}],"about":[{"href":"https:\/\/osteopatheparent.ca\/en\/wp-json\/wp\/v2\/types\/page"}],"author":[{"embeddable":true,"href":"https:\/\/osteopatheparent.ca\/en\/wp-json\/wp\/v2\/users\/1"}],"replies":[{"embeddable":true,"href":"https:\/\/osteopatheparent.ca\/en\/wp-json\/wp\/v2\/comments?post=1831"}],"version-history":[{"count":5,"href":"https:\/\/osteopatheparent.ca\/en\/wp-json\/wp\/v2\/pages\/1831\/revisions"}],"predecessor-version":[{"id":2066,"href":"https:\/\/osteopatheparent.ca\/en\/wp-json\/wp\/v2\/pages\/1831\/revisions\/2066"}],"wp:attachment":[{"href":"https:\/\/osteopatheparent.ca\/en\/wp-json\/wp\/v2\/media?parent=1831"}],"curies":[{"name":"wp","href":"https:\/\/api.w.org\/{rel}","templated":true}]}}