{"id":1614,"date":"2022-04-25T19:03:11","date_gmt":"2022-04-25T19:03:11","guid":{"rendered":"https:\/\/osteopatheparent.ca\/osteopathy-for-seniors-seniors\/"},"modified":"2024-11-13T16:58:09","modified_gmt":"2024-11-13T16:58:09","slug":"osteopathy-for-seniors-seniors","status":"publish","type":"page","link":"https:\/\/osteopatheparent.ca\/en\/osteopathy-for-seniors-seniors\/","title":{"rendered":"Osteopathy for SENIORS\/SENIORS"},"content":{"rendered":"\n<div class=\"wp-block-cover alignfull is-light has-parallax is-position-center-center\" style=\"min-height:60vh;aspect-ratio:unset;\"><span aria-hidden=\"true\" class=\"wp-block-cover__background has-ast-global-color-4-background-color has-background-dim\"><\/span><div class=\"wp-block-cover__image-background wp-image-316 has-parallax\" style=\"background-position:50% 50%;background-image:url(https:\/\/osteopatheparent.ca\/wp-content\/uploads\/2022\/03\/osteopathe_parent_service.jpg)\"><\/div><div class=\"wp-block-cover__inner-container is-layout-flow wp-block-cover-is-layout-flow\">\n<div class=\"wp-block-columns alignfull are-vertically-aligned-center is-layout-flex wp-container-core-columns-is-layout-28f84493 wp-block-columns-is-layout-flex\">\n<div class=\"wp-block-column is-vertically-aligned-center is-layout-flow wp-block-column-is-layout-flow\">\n<h5 class=\"wp-block-heading has-ast-global-color-0-color has-text-color\">Daniel Parent<\/h5>\n\n\n\n<h1 class=\"wp-block-heading has-ast-global-color-1-color has-text-color\">Osteopathy for SENIORS\/SENIORS<\/h1>\n\n\n\n<div class=\"wp-block-columns is-layout-flex wp-container-core-columns-is-layout-28f84493 wp-block-columns-is-layout-flex\">\n<div class=\"wp-block-column is-layout-flow wp-block-column-is-layout-flow\">\n<div class=\"wp-block-buttons is-layout-flex wp-block-buttons-is-layout-flex\">\n<div class=\"wp-block-button\"><a class=\"wp-block-button__link wp-element-button\" href=\"https:\/\/osteopatheparent.ca\/en\/contact-parent-osteopath\/\">Contact<\/a><\/div>\n<\/div>\n<\/div>\n\n\n\n<div class=\"wp-block-column is-layout-flow wp-block-column-is-layout-flow\">\n<div data-professionalpagename=\"\" data-bookingwidgeturlparams=\"companyId=111722\" data-language=\"fr\" data-label=\"Prendre un rendez-vous\" data-url=\"https:\/\/www.gorendezvous.com\/\" class=\"gorendezvous-button\" data-buttoncolor=\"danger\" data-width=\"280px\" data-height=\"50px\"><a href=\"https:\/\/www.gorendezvous.com\/homepage\/111722\" target=\"GOrendezvous\" rel=\"noopener nofollow\">Make an appointment<\/a><\/div>\n\n<script>!function (d, s) { var js, sid = \"gorendezvous-bookingwidget-script\"; var sEl = d.getElementById(sid); if(sEl) { sEl.parentNode.removeChild(sEl); } js = d.createElement(s); js.id = sid; js.src = \"https:\/\/www.gorendezvous.com\/Scripts\/gorendezvous.bookingWidgetV2.min.js?v=\" + (Math.floor(new Date().getTime()\/(1000*60*30))*(1000*60*30)).toString(); d.body.appendChild(js); } (document, \"script\");<\/script>\n<\/div>\n<\/div>\n<\/div>\n<\/div>\n<\/div><\/div>\n\n<div class=\"inherit-container-width wp-block-group alignfull has-ast-global-color-1-background-color has-background is-layout-constrained wp-block-group-is-layout-constrained\"><div class=\"wp-block-group__inner-container\">\n<div class=\"wp-block-columns alignwide is-layout-flex wp-container-core-columns-is-layout-28f84493 wp-block-columns-is-layout-flex\">\n<div class=\"wp-block-column is-layout-flow wp-block-column-is-layout-flow\" style=\"flex-basis:60%\">\n<figure class=\"wp-block-image size-full style=\"><img decoding=\"async\" width=\"1920\" height=\"1280\" src=\"https:\/\/osteopatheparent.ca\/wp-content\/uploads\/2022\/04\/senior.png\" alt=\"osteopathy for senior\" class=\"wp-image-880\" srcset=\"https:\/\/osteopatheparent.ca\/wp-content\/uploads\/2022\/04\/senior.png 1920w, https:\/\/osteopatheparent.ca\/wp-content\/uploads\/2022\/04\/senior-300x200.png 300w, https:\/\/osteopatheparent.ca\/wp-content\/uploads\/2022\/04\/senior-1024x683.png 1024w, https:\/\/osteopatheparent.ca\/wp-content\/uploads\/2022\/04\/senior-768x512.png 768w, https:\/\/osteopatheparent.ca\/wp-content\/uploads\/2022\/04\/senior-1536x1024.png 1536w\" sizes=\"(max-width: 1920px) 100vw, 1920px\" \/><\/figure>\n<\/div>\n\n\n\n<div class=\"wp-block-column is-layout-flow wp-block-column-is-layout-flow\" style=\"flex-basis:40%\">\n<p class=\"is-style-highlight-text has-ast-global-color-4-color has-text-color\"><strong>Older<\/strong> <strong>people<\/strong> very frequently experience pain and imbalances in their joints. This significantly reduces their movements and activities, even their independence. To overcome this problem, <strong>osteopathy offers you various <a href=\"https:\/\/osteopatheparent.ca\/mal-de-dos-traitement\/\">effective treatments<\/a><\/strong>.<\/p>\n<\/div>\n<\/div>\n<\/div><\/div>\n\n<div class=\"inherit-container-width wp-block-group alignfull is-layout-constrained wp-block-group-is-layout-constrained\"><div class=\"wp-block-group__inner-container\">\n<div class=\"wp-block-columns alignwide is-layout-flex wp-container-core-columns-is-layout-28f84493 wp-block-columns-is-layout-flex\">\n<div class=\"wp-block-column is-layout-flow wp-block-column-is-layout-flow\">\n<h2 class=\"wp-block-heading\">Who to contact to benefit from osteopathy services for seniors \/ seniors?<\/h2>\n\n\n\n<p><strong>Seniors<\/strong> who feel the need to consult an osteopath in the cities of the south shore of Montreal can go to the Parent Osteopath Clinic.<\/p>\n\n\n\n<p>Daniel Parent, head of the firm, has to his credit, a B. Sc. degree. in physical activity in 1979. He then graduated from the Coll\u00e8ge d&#8217;\u00c9tude Ost\u00e9opathiques de Montr\u00e9al.  <\/p>\n\n\n\n<p>For elderly people who cannot travel, the clinic assigns them a doctor who can follow them at home. In-home service is also available for everyone.  <\/p>\n\n\n\n<h2 class=\"wp-block-heading\">Osteopathic care for seniors<\/h2>\n\n\n\n<figure class=\"wp-block-image alignleft size-full is-resized\"><img decoding=\"async\" width=\"1080\" height=\"1080\" src=\"https:\/\/osteopatheparent.ca\/wp-content\/uploads\/2022\/04\/personnes-agee.jpg\" alt=\"elderly people\" class=\"wp-image-881\" style=\"width:256px;height:256px\" srcset=\"https:\/\/osteopatheparent.ca\/wp-content\/uploads\/2022\/04\/personnes-agee.jpg 1080w, https:\/\/osteopatheparent.ca\/wp-content\/uploads\/2022\/04\/personnes-agee-300x300.jpg 300w, https:\/\/osteopatheparent.ca\/wp-content\/uploads\/2022\/04\/personnes-agee-1024x1024.jpg 1024w, https:\/\/osteopatheparent.ca\/wp-content\/uploads\/2022\/04\/personnes-agee-150x150.jpg 150w, https:\/\/osteopatheparent.ca\/wp-content\/uploads\/2022\/04\/personnes-agee-768x768.jpg 768w\" sizes=\"(max-width: 1080px) 100vw, 1080px\" \/><\/figure>\n\n\n\n<p>With advancing age, the human body undergoes enormous transformations. These changes impact the device of the muscles and skeletons. We are thus witnessing a sharp decrease in the elasticity of soft tissues and mobility. In addition, this situation causes muscle pain and discomfort in movements. To treat these pains, the services of an osteopath are necessary.<\/p>\n\n\n\n<p>On the other hand, over time, when you accumulate injuries, <strong>trauma<\/strong> or continuous movements, it has repercussions on the mechanics of the body. To regain your mobility, you must think about associating an osteopath in your medical plan. Osteopathy also helps the body function well by slowing down its wear and tear process. As the <strong>treatment <\/strong>evolves, we manage to restore a total balance in your mechanical organs. Our treatments help seniors to move independently.<\/p>\n<\/div>\n<\/div>\n<\/div><\/div>\n\n<div class=\"wp-block-cover alignfull has-parallax\" style=\"min-height:20vw;aspect-ratio:unset;\"><span aria-hidden=\"true\" class=\"wp-block-cover__background has-ast-global-color-0-background-color has-background-dim-70 has-background-dim\"><\/span><div class=\"wp-block-cover__image-background wp-image-211 has-parallax\" style=\"background-position:50% 50%;background-image:url(https:\/\/osteopatheparent.ca\/wp-content\/uploads\/2022\/02\/deroulement_seance_osteopathie.jpg)\"><\/div><div class=\"wp-block-cover__inner-container is-layout-flow wp-block-cover-is-layout-flow\">\n<div class=\"wp-block-columns alignfull is-layout-flex wp-container-core-columns-is-layout-28f84493 wp-block-columns-is-layout-flex\">\n<div class=\"wp-block-column is-vertically-aligned-center is-layout-flow wp-block-column-is-layout-flow\">\n<h2 class=\"wp-block-heading has-ast-global-color-4-color has-text-color\"><strong>Conduct of a consultation<\/strong><\/h2>\n\n\n\n<p>The <a href=\"https:\/\/osteopatheparent.ca\/deroulement-dun-consultation\/\">consultation<\/a> session of the elderly with the osteopath is done in a few steps. We proceed to the census of all the information relating to the patient in order to assign him a file. This phase takes place through questions and answers (anamnesis). This makes it possible to locate the evil and to carry out a health check.<\/p>\n\n\n\n<p>The second step is practice. We do an <strong>examination<\/strong> of your joints. For this, we can ask the elderly person to lie on the bed prepared for the cause. We do specific palpations.<\/p>\n\n\n\n<p>Finally, we will develop an effective <strong>treatment plan<\/strong> to ensure your recovery.  <\/p>\n<\/div>\n<\/div>\n\n\n\n<div style=\"height:40px\" aria-hidden=\"true\" class=\"wp-block-spacer\"><\/div>\n\n\n\n<div class=\"wp-block-columns alignfull are-vertically-aligned-center is-layout-flex wp-container-core-columns-is-layout-28f84493 wp-block-columns-is-layout-flex\">\n<div class=\"wp-block-column is-vertically-aligned-center is-layout-flow wp-block-column-is-layout-flow\">\n<p class=\"has-text-align-left is-style-highlight-text\" style=\"font-size:30px\"><strong>If any of these ailments affect you, there are solutions.  <a href=\"tel:5143824774\">514 382-4774<\/a><\/strong><\/p>\n<\/div>\n<\/div>\n<\/div><\/div>\n\n<div class=\"inherit-container-width wp-block-group alignfull is-layout-constrained wp-block-group-is-layout-constrained\"><div class=\"wp-block-group__inner-container\">\n<div class=\"wp-block-columns alignwide is-layout-flex wp-container-core-columns-is-layout-28f84493 wp-block-columns-is-layout-flex\">\n<div class=\"wp-block-column is-layout-flow wp-block-column-is-layout-flow\">\n<h2 class=\"wp-block-heading\">What does the osteo treat?  <\/h2>\n\n\n\n<p>We take care of elderly people who have digestive problems. The most common cases are liver problems, constipation, belly bloating, gastric reflux as well as disorders felt in the internal organs of the human body in older people.  <\/p>\n\n\n\n<h2 class=\"wp-block-heading\">In-home services<\/h2>\n\n\n\n<p>We receive patients from Sainte-Catherine, Longueuil, Candiac, Saint-Philippe and Bel\u0153il, but also we can travel for home care.  <\/p>\n<\/div>\n<\/div>\n<\/div><\/div>\n\n<div class=\"inherit-container-width wp-block-group alignfull has-background is-layout-constrained wp-block-group-is-layout-constrained\" style=\"background-color:#f4f5f6\"><div class=\"wp-block-group__inner-container\">\n<div class=\"wp-block-columns alignwide are-vertically-aligned-center is-layout-flex wp-container-core-columns-is-layout-28f84493 wp-block-columns-is-layout-flex\">\n<div class=\"wp-block-column is-vertically-aligned-center is-layout-flow wp-block-column-is-layout-flow\" style=\"flex-basis:50%\">\n<div class=\"inherit-container-width wp-block-group is-layout-constrained wp-block-group-is-layout-constrained\"><div class=\"wp-block-group__inner-container\">\n<h2 class=\"wp-block-heading\">Osteopath at home<\/h2>\n\n\n\n<p class=\"is-style-highlight-text\">Osteopathy consultations at home<br\/>For any information contact me.<\/p>\n\n\n\n<h4 class=\"wp-block-heading has-ast-global-color-1-color has-text-color\"><strong>Email<\/strong><\/h4>\n\n\n\n<p><a href=\"mailto:contact@osteopatheparent.ca\">contact@osteopatheparent.ca<\/a><\/p>\n\n\n\n<h4 class=\"wp-block-heading has-ast-global-color-1-color has-text-color\"><strong>Phone<\/strong><\/h4>\n\n\n\n<p><a href=\"tel:15143824774\">+1 (514) 382-4774<\/a><\/p>\n<\/div><\/div>\n<\/div>\n\n\n\n<div class=\"wp-block-column is-vertically-aligned-center is-layout-flow wp-block-column-is-layout-flow\" style=\"flex-basis:50%\">\n<div class=\"inherit-container-width wp-block-group has-white-background-color has-background is-layout-constrained wp-block-group-is-layout-constrained\"><div class=\"wp-block-group__inner-container\"><div class=\"wpforms-container wpforms-container-full wpforms-block wpforms-block-c044bd66-d528-46e9-aa85-9af411f42cd2\" id=\"wpforms-298\"><form id=\"wpforms-form-298\" class=\"wpforms-validate wpforms-form\" data-formid=\"298\" method=\"post\" enctype=\"multipart\/form-data\" action=\"\/en\/wp-json\/wp\/v2\/pages\/1614\" data-token=\"d57081cffcc227e906e8b6d61ba0e17e\" data-token-time=\"1776505081\"><noscript class=\"wpforms-error-noscript\">Please enable JavaScript in your browser to complete this form.<\/noscript><div class=\"wpforms-field-container\"><div id=\"wpforms-298-field_0-container\" class=\"wpforms-field wpforms-field-name\" data-field-id=\"0\"><label class=\"wpforms-field-label wpforms-label-hide\" for=\"wpforms-298-field_0\">Name <span class=\"wpforms-required-label\">*<\/span><\/label><input type=\"text\" id=\"wpforms-298-field_0\" class=\"wpforms-field-large wpforms-field-required\" name=\"wpforms[fields][0]\" placeholder=\"Name\" required><\/div><div id=\"wpforms-298-field_1-container\" class=\"wpforms-field wpforms-field-email\" data-field-id=\"1\"><label class=\"wpforms-field-label wpforms-label-hide\" for=\"wpforms-298-field_1\">Email <span class=\"wpforms-required-label\">*<\/span><\/label><input type=\"email\" id=\"wpforms-298-field_1\" class=\"wpforms-field-large wpforms-field-required\" name=\"wpforms[fields][1]\" placeholder=\"Email\" spellcheck=\"false\" required><\/div><div id=\"wpforms-298-field_3-container\" class=\"wpforms-field wpforms-field-text\" data-field-id=\"3\"><label class=\"wpforms-field-label wpforms-label-hide\" for=\"wpforms-298-field_3\">Subject <span class=\"wpforms-required-label\">*<\/span><\/label><input type=\"text\" id=\"wpforms-298-field_3\" class=\"wpforms-field-large wpforms-field-required\" name=\"wpforms[fields][3]\" placeholder=\"Subject\" required><\/div><div id=\"wpforms-298-field_2-container\" class=\"wpforms-field wpforms-field-textarea\" data-field-id=\"2\"><label class=\"wpforms-field-label wpforms-label-hide\" for=\"wpforms-298-field_2\">Comment or Message <span class=\"wpforms-required-label\">*<\/span><\/label><textarea id=\"wpforms-298-field_2\" class=\"wpforms-field-medium wpforms-field-required\" name=\"wpforms[fields][2]\" placeholder=\"Message\" required><\/textarea><\/div><\/div><!-- .wpforms-field-container --><div class=\"wpforms-field wpforms-field-hp\"><label for=\"wpforms-298-field-hp\" class=\"wpforms-field-label\">Name<\/label><input type=\"text\" name=\"wpforms[hp]\" id=\"wpforms-298-field-hp\" class=\"wpforms-field-medium\"><\/div><div class=\"wpforms-submit-container\" ><input type=\"hidden\" name=\"wpforms[id]\" value=\"298\"><input type=\"hidden\" name=\"page_title\" value=\"\"><input type=\"hidden\" name=\"page_url\" value=\"https:\/\/osteopatheparent.ca\/en\/wp-json\/wp\/v2\/pages\/1614\"><input type=\"hidden\" name=\"url_referer\" value=\"\"><button type=\"submit\" name=\"wpforms[submit]\" id=\"wpforms-submit-298\" class=\"wpforms-submit\" data-alt-text=\"Sending...\" data-submit-text=\"Send Message\" aria-live=\"assertive\" value=\"wpforms-submit\">Send Message<\/button><\/div><\/form><\/div>  <!-- .wpforms-container --><\/div><\/div>\n<\/div>\n<\/div>\n\n\n\n<div style=\"height:80px\" aria-hidden=\"true\" class=\"wp-block-spacer\"><\/div>\n\n\n\n<figure class=\"wp-block-image alignwide size-large\"><img decoding=\"async\" width=\"1024\" height=\"226\" src=\"https:\/\/osteopatheparent.ca\/wp-content\/uploads\/2022\/07\/osteo-02-1024x226.jpg\" alt=\"osteopathy\" class=\"wp-image-1283\" srcset=\"https:\/\/osteopatheparent.ca\/wp-content\/uploads\/2022\/07\/osteo-02-1024x226.jpg 1024w, https:\/\/osteopatheparent.ca\/wp-content\/uploads\/2022\/07\/osteo-02-300x66.jpg 300w, https:\/\/osteopatheparent.ca\/wp-content\/uploads\/2022\/07\/osteo-02-768x169.jpg 768w, https:\/\/osteopatheparent.ca\/wp-content\/uploads\/2022\/07\/osteo-02.jpg 1361w\" sizes=\"(max-width: 1024px) 100vw, 1024px\" \/><\/figure>\n\n\n\n<div class=\"wp-block-columns alignwide is-layout-flex wp-container-core-columns-is-layout-28f84493 wp-block-columns-is-layout-flex\">\n<div class=\"wp-block-column is-layout-flow wp-block-column-is-layout-flow\">\n<h3 class=\"wp-block-heading has-ast-global-color-1-color has-text-color\"><strong>BroSSaRD<\/strong><\/h3>\n\n\n\n<p>395 Maple Avenue, Saint-Lambert, QC, J4P-2S5<\/p>\n\n\n\n<p><strong>(514) 382-4774<\/strong><\/p>\n<\/div>\n\n\n\n<div class=\"wp-block-column is-layout-flow wp-block-column-is-layout-flow\">\n<h3 class=\"wp-block-heading has-ast-global-color-1-color has-text-color\"><strong>Boucherville<\/strong><\/h3>\n\n\n\n<p>395 Maple Avenue, Saint-Lambert, QC, J4P-2S5<\/p>\n\n\n\n<p><strong>(514) 382-4774<\/strong><\/p>\n<\/div>\n\n\n\n<div class=\"wp-block-column is-layout-flow wp-block-column-is-layout-flow\">\n<h3 class=\"wp-block-heading has-ast-global-color-1-color has-text-color\"><strong>Montreal<\/strong><\/h3>\n\n\n\n<p>395 Maple Avenue, Saint-Lambert, QC, J4P-2S5<\/p>\n\n\n\n<p><strong>(514) 382-4774<\/strong><\/p>\n<\/div>\n\n\n\n<div class=\"wp-block-column is-layout-flow wp-block-column-is-layout-flow\">\n<h3 class=\"wp-block-heading has-ast-global-color-1-color has-text-color\"><strong>Longueuil<\/strong><\/h3>\n\n\n\n<p class=\"is-style-highlight-text\">395 Maple Avenue, Saint-Lambert, QC, J4P-2S5<\/p>\n\n\n\n<p class=\"is-style-highlight-text\"><strong>(514) 382-4774<\/strong><\/p>\n<\/div>\n<\/div>\n<\/div><\/div>\n","protected":false},"excerpt":{"rendered":"<p>Older people very frequently experience pain and imbalances in their joints. This significantly reduces their movements and activities, even their independence. To overcome this problem, osteopathy offers you various effective treatments. Who to contact to benefit from osteopathy services for seniors \/ seniors? Seniors who feel the need to consult an osteopath in the cities [&hellip;]<\/p>\n","protected":false},"author":1,"featured_media":0,"parent":0,"menu_order":0,"comment_status":"closed","ping_status":"closed","template":"","meta":{"_uag_custom_page_level_css":"","site-sidebar-layout":"default","site-content-layout":"","ast-site-content-layout":"default","site-content-style":"default","site-sidebar-style":"default","ast-global-header-display":"","ast-banner-title-visibility":"","ast-main-header-display":"","ast-hfb-above-header-display":"","ast-hfb-below-header-display":"","ast-hfb-mobile-header-display":"","site-post-title":"disabled","ast-breadcrumbs-content":"","ast-featured-img":"","footer-sml-layout":"","ast-disable-related-posts":"","theme-transparent-header-meta":"","adv-header-id-meta":"","stick-header-meta":"","header-above-stick-meta":"","header-main-stick-meta":"","header-below-stick-meta":"","astra-migrate-meta-layouts":"default","ast-page-background-enabled":"default","ast-page-background-meta":{"desktop":{"background-color":"var(--ast-global-color-4)","background-image":"","background-repeat":"repeat","background-position":"center center","background-size":"auto","background-attachment":"scroll","background-type":"","background-media":"","overlay-type":"","overlay-color":"","overlay-opacity":"","overlay-gradient":""},"tablet":{"background-color":"","background-image":"","background-repeat":"repeat","background-position":"center center","background-size":"auto","background-attachment":"scroll","background-type":"","background-media":"","overlay-type":"","overlay-color":"","overlay-opacity":"","overlay-gradient":""},"mobile":{"background-color":"","background-image":"","background-repeat":"repeat","background-position":"center center","background-size":"auto","background-attachment":"scroll","background-type":"","background-media":"","overlay-type":"","overlay-color":"","overlay-opacity":"","overlay-gradient":""}},"ast-content-background-meta":{"desktop":{"background-color":"var(--ast-global-color-5)","background-image":"","background-repeat":"repeat","background-position":"center center","background-size":"auto","background-attachment":"scroll","background-type":"","background-media":"","overlay-type":"","overlay-color":"","overlay-opacity":"","overlay-gradient":""},"tablet":{"background-color":"var(--ast-global-color-5)","background-image":"","background-repeat":"repeat","background-position":"center center","background-size":"auto","background-attachment":"scroll","background-type":"","background-media":"","overlay-type":"","overlay-color":"","overlay-opacity":"","overlay-gradient":""},"mobile":{"background-color":"var(--ast-global-color-5)","background-image":"","background-repeat":"repeat","background-position":"center center","background-size":"auto","background-attachment":"scroll","background-type":"","background-media":"","overlay-type":"","overlay-color":"","overlay-opacity":"","overlay-gradient":""}},"footnotes":""},"class_list":["post-1614","page","type-page","status-publish","hentry"],"uagb_featured_image_src":{"full":false,"thumbnail":false,"medium":false,"medium_large":false,"large":false,"1536x1536":false,"2048x2048":false},"uagb_author_info":{"display_name":"admin_osteo","author_link":"https:\/\/osteopatheparent.ca\/en\/author\/admin_osteo\/"},"uagb_comment_info":0,"uagb_excerpt":"Older people very frequently experience pain and imbalances in their joints. This significantly reduces their movements and activities, even their independence. To overcome this problem, osteopathy offers you various effective treatments. Who to contact to benefit from osteopathy services for seniors \/ seniors? Seniors who feel the need to consult an osteopath in the cities&hellip;","_links":{"self":[{"href":"https:\/\/osteopatheparent.ca\/en\/wp-json\/wp\/v2\/pages\/1614","targetHints":{"allow":["GET"]}}],"collection":[{"href":"https:\/\/osteopatheparent.ca\/en\/wp-json\/wp\/v2\/pages"}],"about":[{"href":"https:\/\/osteopatheparent.ca\/en\/wp-json\/wp\/v2\/types\/page"}],"author":[{"embeddable":true,"href":"https:\/\/osteopatheparent.ca\/en\/wp-json\/wp\/v2\/users\/1"}],"replies":[{"embeddable":true,"href":"https:\/\/osteopatheparent.ca\/en\/wp-json\/wp\/v2\/comments?post=1614"}],"version-history":[{"count":4,"href":"https:\/\/osteopatheparent.ca\/en\/wp-json\/wp\/v2\/pages\/1614\/revisions"}],"predecessor-version":[{"id":2059,"href":"https:\/\/osteopatheparent.ca\/en\/wp-json\/wp\/v2\/pages\/1614\/revisions\/2059"}],"wp:attachment":[{"href":"https:\/\/osteopatheparent.ca\/en\/wp-json\/wp\/v2\/media?parent=1614"}],"curies":[{"name":"wp","href":"https:\/\/api.w.org\/{rel}","templated":true}]}}