{"id":1581,"date":"2022-04-22T19:09:48","date_gmt":"2022-04-22T19:09:48","guid":{"rendered":"https:\/\/osteopatheparent.ca\/osteopathy-for-baby\/"},"modified":"2024-11-13T16:58:10","modified_gmt":"2024-11-13T16:58:10","slug":"osteopathy-for-baby","status":"publish","type":"page","link":"https:\/\/osteopatheparent.ca\/en\/osteopathy-for-baby\/","title":{"rendered":"Osteopathy for BABY"},"content":{"rendered":"\n<div class=\"wp-block-cover alignfull is-light has-parallax is-position-center-center\" style=\"min-height:60vh;aspect-ratio:unset;\"><span aria-hidden=\"true\" class=\"wp-block-cover__background has-ast-global-color-4-background-color has-background-dim\"><\/span><div class=\"wp-block-cover__image-background wp-image-316 has-parallax\" style=\"background-position:50% 50%;background-image:url(https:\/\/osteopatheparent.ca\/wp-content\/uploads\/2022\/03\/osteopathe_parent_service.jpg)\"><\/div><div class=\"wp-block-cover__inner-container is-layout-flow wp-block-cover-is-layout-flow\">\n<div class=\"wp-block-columns alignfull are-vertically-aligned-center is-layout-flex wp-container-core-columns-is-layout-28f84493 wp-block-columns-is-layout-flex\">\n<div class=\"wp-block-column is-vertically-aligned-center is-layout-flow wp-block-column-is-layout-flow\">\n<h5 class=\"wp-block-heading has-ast-global-color-0-color has-text-color\">Daniel Parent<\/h5>\n\n\n\n<h1 class=\"wp-block-heading has-ast-global-color-1-color has-text-color\">Osteopathy for BABY<\/h1>\n\n\n\n<div class=\"wp-block-columns is-layout-flex wp-container-core-columns-is-layout-28f84493 wp-block-columns-is-layout-flex\">\n<div class=\"wp-block-column is-layout-flow wp-block-column-is-layout-flow\">\n<div class=\"wp-block-buttons is-layout-flex wp-block-buttons-is-layout-flex\">\n<div class=\"wp-block-button\"><a class=\"wp-block-button__link wp-element-button\" href=\"https:\/\/osteopatheparent.ca\/en\/contact-parent-osteopath\/\">Contact<\/a><\/div>\n<\/div>\n<\/div>\n\n\n\n<div class=\"wp-block-column is-layout-flow wp-block-column-is-layout-flow\">\n<div data-professionalpagename=\"\" data-bookingwidgeturlparams=\"companyId=111722\" data-language=\"fr\" data-label=\"Prendre un rendez-vous\" data-url=\"https:\/\/www.gorendezvous.com\/\" class=\"gorendezvous-button\" data-buttoncolor=\"danger\" data-width=\"280px\" data-height=\"50px\"><a href=\"https:\/\/www.gorendezvous.com\/homepage\/111722\" target=\"GOrendezvous\" rel=\"noopener nofollow\">Make an appointment<\/a><\/div>\n\n<script>!function (d, s) { var js, sid = \"gorendezvous-bookingwidget-script\"; var sEl = d.getElementById(sid); if(sEl) { sEl.parentNode.removeChild(sEl); } js = d.createElement(s); js.id = sid; js.src = \"https:\/\/www.gorendezvous.com\/Scripts\/gorendezvous.bookingWidgetV2.min.js?v=\" + (Math.floor(new Date().getTime()\/(1000*60*30))*(1000*60*30)).toString(); d.body.appendChild(js); } (document, \"script\");<\/script>\n<\/div>\n<\/div>\n<\/div>\n<\/div>\n<\/div><\/div>\n\n<div class=\"inherit-container-width wp-block-group alignfull has-ast-global-color-1-background-color has-background is-layout-constrained wp-block-group-is-layout-constrained\"><div class=\"wp-block-group__inner-container\">\n<div class=\"wp-block-columns alignwide is-layout-flex wp-container-core-columns-is-layout-28f84493 wp-block-columns-is-layout-flex\">\n<div class=\"wp-block-column is-layout-flow wp-block-column-is-layout-flow\" style=\"flex-basis:60%\">\n<figure class=\"wp-block-image size-large is-resized style=\"><img decoding=\"async\" width=\"1024\" height=\"576\" src=\"https:\/\/osteopatheparent.ca\/wp-content\/uploads\/2022\/04\/osteopathie-pour-bebe-1024x576.jpg\" alt=\"osteopathy-for-baby\" class=\"wp-image-833\" style=\"width:512px;height:288px\" srcset=\"https:\/\/osteopatheparent.ca\/wp-content\/uploads\/2022\/04\/osteopathie-pour-bebe-1024x576.jpg 1024w, https:\/\/osteopatheparent.ca\/wp-content\/uploads\/2022\/04\/osteopathie-pour-bebe-300x169.jpg 300w, https:\/\/osteopatheparent.ca\/wp-content\/uploads\/2022\/04\/osteopathie-pour-bebe-768x432.jpg 768w, https:\/\/osteopatheparent.ca\/wp-content\/uploads\/2022\/04\/osteopathie-pour-bebe-1536x864.jpg 1536w, https:\/\/osteopatheparent.ca\/wp-content\/uploads\/2022\/04\/osteopathie-pour-bebe.jpg 1920w\" sizes=\"(max-width: 1024px) 100vw, 1024px\" \/><\/figure>\n<\/div>\n\n\n\n<div class=\"wp-block-column is-layout-flow wp-block-column-is-layout-flow\" style=\"flex-basis:40%\">\n<p class=\"is-style-highlight-text has-ast-global-color-4-color has-text-color\">It is certain that during pregnancy, <strong>osteopathy<\/strong> plays a fundamental role. It helps prevent certain complications and prepares the woman for childbirth. However, the role of the osteopath is not only <strong>around pregnancy<\/strong>. The intervention of this manual medicine practitioner extends to the <strong>baby<\/strong>. In infants, osteopathy can reveal the source of discomfort. Once the causes are discovered, the professional moves on to <strong>tailor-made pain<\/strong> <strong>treatment<\/strong>. This is what <strong>Daniel<\/strong> <strong>Parent<\/strong> does in his osteopathic practice in <strong>Saint-Lambert<\/strong>.<\/p>\n<\/div>\n<\/div>\n<\/div><\/div>\n\n<div class=\"inherit-container-width wp-block-group alignfull is-layout-constrained wp-block-group-is-layout-constrained\"><div class=\"wp-block-group__inner-container\">\n<div class=\"wp-block-columns alignwide is-layout-flex wp-container-core-columns-is-layout-28f84493 wp-block-columns-is-layout-flex\">\n<div class=\"wp-block-column is-layout-flow wp-block-column-is-layout-flow\">\n<h2 class=\"wp-block-heading\">Daniel Parent osteopath<\/h2>\n\n\n\n<p>After academic studies at Laval University, Daniel Parent graduated with a B.Sc. in physical activity. He was able to put his skills into practice as an advisor in the world of sport. He then enrolled at the Coll\u00e8ge d&#8217;\u00c9tudes Ost\u00e9opathiques in Montreal. From this training institution, he graduated as an osteopath.  <\/p>\n\n\n\n<p>He opened his practice in order to practice privately his profession as an osteopath. Based in Longueuil, Daniel Parent works both in private practice and at home. This is particularly advantageous for osteopathic care to be provided to the mother and the child (baby).<\/p>\n\n\n\n<h2 class=\"wp-block-heading has-text-align-left\">Osteo Consultation for Baby<\/h2>\n\n\n\n<figure class=\"wp-block-image alignleft size-full is-resized\"><img decoding=\"async\" width=\"1080\" height=\"1080\" src=\"https:\/\/osteopatheparent.ca\/wp-content\/uploads\/2022\/04\/bebe.jpg\" alt=\"baby osteopath\" class=\"wp-image-830\" style=\"width:256px;height:256px\" srcset=\"https:\/\/osteopatheparent.ca\/wp-content\/uploads\/2022\/04\/bebe.jpg 1080w, https:\/\/osteopatheparent.ca\/wp-content\/uploads\/2022\/04\/bebe-300x300.jpg 300w, https:\/\/osteopatheparent.ca\/wp-content\/uploads\/2022\/04\/bebe-1024x1024.jpg 1024w, https:\/\/osteopatheparent.ca\/wp-content\/uploads\/2022\/04\/bebe-150x150.jpg 150w, https:\/\/osteopatheparent.ca\/wp-content\/uploads\/2022\/04\/bebe-768x768.jpg 768w\" sizes=\"(max-width: 1080px) 100vw, 1080px\" \/><\/figure>\n\n\n\n<p>Not all osteopathic care consultations take place in the same way.<\/p>\n\n\n\n<p>At Daniel Parent&#8217;s <strong>osteopathic<\/strong> office, when a parent shows up for an appointment with their sick <strong>baby<\/strong> , we make every effort to determine the infant&#8217;s needs. We collect a set of information to enable us to set up an appropriate care plan<\/p>\n\n\n\n<p>Always to determine the real causes of the discomfort felt by the baby, we interview the parents. The questions touch on many topics including the pregnancy process. We also go around the course of childbirth. Finally, we ask parents to describe the behavior of the infant from birth to the day of the consultation.<\/p>\n\n\n\n<p>The osteopath <strong>examines<\/strong> the baby. This is usually done on the treatment table. Sometimes it is necessary for the child to remain in the arms of one of his parents during this evaluation. We then perform mobility tests on the baby and do the <strong>palpation<\/strong>. This helps him better determine what is wrong with the infant. If the problem is the responsibility of osteopathy, an adapted <strong>treatment<\/strong> plan will be put in place. In the event that the harm suffered by the infant is not the responsibility of the osteopath, the latter refers the parents to another <strong>health <\/strong>specialist such as the pediatrician.<\/p>\n<\/div>\n<\/div>\n<\/div><\/div>\n\n<div class=\"wp-block-cover alignfull has-parallax\" style=\"min-height:20vw;aspect-ratio:unset;\"><span aria-hidden=\"true\" class=\"wp-block-cover__background has-ast-global-color-0-background-color has-background-dim-70 has-background-dim\"><\/span><div class=\"wp-block-cover__image-background wp-image-211 has-parallax\" style=\"background-position:50% 50%;background-image:url(https:\/\/osteopatheparent.ca\/wp-content\/uploads\/2022\/02\/deroulement_seance_osteopathie.jpg)\"><\/div><div class=\"wp-block-cover__inner-container is-layout-flow wp-block-cover-is-layout-flow\">\n<div class=\"wp-block-columns alignfull is-layout-flex wp-container-core-columns-is-layout-28f84493 wp-block-columns-is-layout-flex\">\n<div class=\"wp-block-column is-vertically-aligned-center is-layout-flow wp-block-column-is-layout-flow\">\n<h2 class=\"wp-block-heading has-ast-global-color-4-color has-text-color\"><strong>Healing<\/strong><\/h2>\n\n\n\n<p>Parents are also involved in the process of <strong>restoring homeostasis<\/strong> in children. Indeed, they are the first to notice the discomfort in the baby. They are also often the first to have brought the baby for consultation with a <strong>health<\/strong> professional. Moreover, they took into account the recommendations of the practitioner in order to help the child&#8217;s recovery. These recommendations relate to:  <\/p>\n\n\n\n<ul class=\"wp-block-list\">\n<li>the child&#8217;s lifestyle;<\/li>\n\n\n\n<li>the child&#8217;s diet;<\/li>\n\n\n\n<li>the climate of peace relating to the child&#8217;s living environment;<\/li>\n\n\n\n<li>the good quality of sleep of the baby&#8230;<\/li>\n<\/ul>\n<\/div>\n<\/div>\n\n\n\n<div style=\"height:40px\" aria-hidden=\"true\" class=\"wp-block-spacer\"><\/div>\n\n\n\n<div class=\"wp-block-columns alignfull are-vertically-aligned-center is-layout-flex wp-container-core-columns-is-layout-28f84493 wp-block-columns-is-layout-flex\">\n<div class=\"wp-block-column is-vertically-aligned-center is-layout-flow wp-block-column-is-layout-flow\">\n<p class=\"has-text-align-left is-style-highlight-text\" style=\"font-size:30px\"><strong>If any of these ailments affect you, there are solutions.  <a href=\"tel:5143824774\">514 382-4774<\/a><\/strong><\/p>\n<\/div>\n<\/div>\n<\/div><\/div>\n\n<div class=\"inherit-container-width wp-block-group alignfull is-layout-constrained wp-block-group-is-layout-constrained\"><div class=\"wp-block-group__inner-container\">\n<div class=\"wp-block-columns alignwide is-layout-flex wp-container-core-columns-is-layout-28f84493 wp-block-columns-is-layout-flex\">\n<div class=\"wp-block-column is-layout-flow wp-block-column-is-layout-flow\">\n<h2 class=\"wp-block-heading\"><strong>What does osteopathy treat?<\/strong><\/h2>\n\n\n\n<p>The osteopath by his <strong>global approach<\/strong> uses specific consultation techniques. These means make it possible to reveal the causes of an ailment and to establish a real treatment plan based on <strong>manual practice<\/strong> either at the clinic or at home.<\/p>\n\n\n\n<p>We treat several ailments in the baby:<\/p>\n\n\n\n<ul class=\"wp-block-list\">\n<li>colic, constipation, diarrhea;<\/li>\n\n\n\n<li>difficulty in sucking;<\/li>\n\n\n\n<li>asymmetry of the skull;<\/li>\n\n\n\n<li>regurgitation and vomiting;<\/li>\n\n\n\n<li>gastroesophageal reflux;<\/li>\n\n\n\n<li>torticollis;<\/li>\n\n\n\n<li>sleep disorder;<\/li>\n\n\n\n<li>chronic ENT disorders&#8230;<\/li>\n<\/ul>\n\n\n\n<p>Faced with any of these ailments or dysfunctions, calling on a professional osteopath can allow you to soothe your infant or baby.<\/p>\n<\/div>\n<\/div>\n<\/div><\/div>\n\n<div class=\"inherit-container-width wp-block-group alignfull has-background is-layout-constrained wp-block-group-is-layout-constrained\" style=\"background-color:#f4f5f6\"><div class=\"wp-block-group__inner-container\">\n<div class=\"wp-block-columns alignwide are-vertically-aligned-center is-layout-flex wp-container-core-columns-is-layout-28f84493 wp-block-columns-is-layout-flex\">\n<div class=\"wp-block-column is-vertically-aligned-center is-layout-flow wp-block-column-is-layout-flow\" style=\"flex-basis:50%\">\n<div class=\"inherit-container-width wp-block-group is-layout-constrained wp-block-group-is-layout-constrained\"><div class=\"wp-block-group__inner-container\">\n<h2 class=\"wp-block-heading\">Osteopath at home<\/h2>\n\n\n\n<p class=\"is-style-highlight-text\">Osteopathy consultations at home<br\/>For any information contact me.<\/p>\n\n\n\n<h4 class=\"wp-block-heading has-ast-global-color-1-color has-text-color\"><strong>Email<\/strong><\/h4>\n\n\n\n<p><a href=\"mailto:contact@osteopatheparent.ca\">contact@osteopatheparent.ca<\/a><\/p>\n\n\n\n<h4 class=\"wp-block-heading has-ast-global-color-1-color has-text-color\"><strong>Phone<\/strong><\/h4>\n\n\n\n<p><a href=\"tel:15143824774\">+1 (514) 382-4774<\/a><\/p>\n<\/div><\/div>\n<\/div>\n\n\n\n<div class=\"wp-block-column is-vertically-aligned-center is-layout-flow wp-block-column-is-layout-flow\" style=\"flex-basis:50%\">\n<div class=\"inherit-container-width wp-block-group has-white-background-color has-background is-layout-constrained wp-block-group-is-layout-constrained\"><div class=\"wp-block-group__inner-container\"><div class=\"wpforms-container wpforms-container-full wpforms-block wpforms-block-ca012d2f-4aef-4bf8-b45f-d32766a9e5a1\" id=\"wpforms-298\"><form id=\"wpforms-form-298\" class=\"wpforms-validate wpforms-form\" data-formid=\"298\" method=\"post\" enctype=\"multipart\/form-data\" action=\"\/en\/wp-json\/wp\/v2\/pages\/1581\" data-token=\"787ee320dbac34021403fb457e301730\" data-token-time=\"1776961946\"><noscript class=\"wpforms-error-noscript\">Please enable JavaScript in your browser to complete this form.<\/noscript><div class=\"wpforms-field-container\"><div id=\"wpforms-298-field_0-container\" class=\"wpforms-field wpforms-field-name\" data-field-id=\"0\"><label class=\"wpforms-field-label wpforms-label-hide\" for=\"wpforms-298-field_0\">Name <span class=\"wpforms-required-label\">*<\/span><\/label><input type=\"text\" id=\"wpforms-298-field_0\" class=\"wpforms-field-large wpforms-field-required\" name=\"wpforms[fields][0]\" placeholder=\"Name\" required><\/div><div id=\"wpforms-298-field_1-container\" class=\"wpforms-field wpforms-field-email\" data-field-id=\"1\"><label class=\"wpforms-field-label wpforms-label-hide\" for=\"wpforms-298-field_1\">Email <span class=\"wpforms-required-label\">*<\/span><\/label><input type=\"email\" id=\"wpforms-298-field_1\" class=\"wpforms-field-large wpforms-field-required\" name=\"wpforms[fields][1]\" placeholder=\"Email\" spellcheck=\"false\" required><\/div><div id=\"wpforms-298-field_3-container\" class=\"wpforms-field wpforms-field-text\" data-field-id=\"3\"><label class=\"wpforms-field-label wpforms-label-hide\" for=\"wpforms-298-field_3\">Subject <span class=\"wpforms-required-label\">*<\/span><\/label><input type=\"text\" id=\"wpforms-298-field_3\" class=\"wpforms-field-large wpforms-field-required\" name=\"wpforms[fields][3]\" placeholder=\"Subject\" required><\/div><div id=\"wpforms-298-field_2-container\" class=\"wpforms-field wpforms-field-textarea\" data-field-id=\"2\"><label class=\"wpforms-field-label wpforms-label-hide\" for=\"wpforms-298-field_2\">Comment or Message <span class=\"wpforms-required-label\">*<\/span><\/label><textarea id=\"wpforms-298-field_2\" class=\"wpforms-field-medium wpforms-field-required\" name=\"wpforms[fields][2]\" placeholder=\"Message\" required><\/textarea><\/div><\/div><!-- .wpforms-field-container --><div class=\"wpforms-field wpforms-field-hp\"><label for=\"wpforms-298-field-hp\" class=\"wpforms-field-label\">Name<\/label><input type=\"text\" name=\"wpforms[hp]\" id=\"wpforms-298-field-hp\" class=\"wpforms-field-medium\"><\/div><div class=\"wpforms-submit-container\" ><input type=\"hidden\" name=\"wpforms[id]\" value=\"298\"><input type=\"hidden\" name=\"page_title\" value=\"\"><input type=\"hidden\" name=\"page_url\" value=\"https:\/\/osteopatheparent.ca\/en\/wp-json\/wp\/v2\/pages\/1581\"><input type=\"hidden\" name=\"url_referer\" value=\"\"><button type=\"submit\" name=\"wpforms[submit]\" id=\"wpforms-submit-298\" class=\"wpforms-submit\" data-alt-text=\"Sending...\" data-submit-text=\"Send Message\" aria-live=\"assertive\" value=\"wpforms-submit\">Send Message<\/button><\/div><\/form><\/div>  <!-- .wpforms-container --><\/div><\/div>\n<\/div>\n<\/div>\n\n\n\n<div style=\"height:80px\" aria-hidden=\"true\" class=\"wp-block-spacer\"><\/div>\n\n\n\n<figure class=\"wp-block-image alignwide size-large\"><img decoding=\"async\" width=\"1024\" height=\"226\" src=\"https:\/\/osteopatheparent.ca\/wp-content\/uploads\/2022\/07\/osteo-02-1024x226.jpg\" alt=\"osteopathy\" class=\"wp-image-1283\" srcset=\"https:\/\/osteopatheparent.ca\/wp-content\/uploads\/2022\/07\/osteo-02-1024x226.jpg 1024w, https:\/\/osteopatheparent.ca\/wp-content\/uploads\/2022\/07\/osteo-02-300x66.jpg 300w, https:\/\/osteopatheparent.ca\/wp-content\/uploads\/2022\/07\/osteo-02-768x169.jpg 768w, https:\/\/osteopatheparent.ca\/wp-content\/uploads\/2022\/07\/osteo-02.jpg 1361w\" sizes=\"(max-width: 1024px) 100vw, 1024px\" \/><\/figure>\n\n\n\n<div class=\"wp-block-columns alignwide is-layout-flex wp-container-core-columns-is-layout-28f84493 wp-block-columns-is-layout-flex\">\n<div class=\"wp-block-column is-layout-flow wp-block-column-is-layout-flow\">\n<h3 class=\"wp-block-heading has-ast-global-color-1-color has-text-color\"><strong>BroSSaRD<\/strong><\/h3>\n\n\n\n<p>395 Maple Avenue, Saint-Lambert, QC, J4P-2S5<\/p>\n\n\n\n<p><strong>(514) 382-4774<\/strong><\/p>\n<\/div>\n\n\n\n<div class=\"wp-block-column is-layout-flow wp-block-column-is-layout-flow\">\n<h3 class=\"wp-block-heading has-ast-global-color-1-color has-text-color\"><strong>Boucherville<\/strong><\/h3>\n\n\n\n<p>395 Maple Avenue, Saint-Lambert, QC, J4P-2S5<\/p>\n\n\n\n<p><strong>(514) 382-4774<\/strong><\/p>\n<\/div>\n\n\n\n<div class=\"wp-block-column is-layout-flow wp-block-column-is-layout-flow\">\n<h3 class=\"wp-block-heading has-ast-global-color-1-color has-text-color\"><strong>Montreal<\/strong><\/h3>\n\n\n\n<p>395 Maple Avenue, Saint-Lambert, QC, J4P-2S5<\/p>\n\n\n\n<p><strong>(514) 382-4774<\/strong><\/p>\n<\/div>\n\n\n\n<div class=\"wp-block-column is-layout-flow wp-block-column-is-layout-flow\">\n<h3 class=\"wp-block-heading has-ast-global-color-1-color has-text-color\"><strong>Longueuil<\/strong><\/h3>\n\n\n\n<p class=\"is-style-highlight-text\">395 Maple Avenue, Saint-Lambert, QC, J4P-2S5<\/p>\n\n\n\n<p class=\"is-style-highlight-text\"><strong>(514) 382-4774<\/strong><\/p>\n<\/div>\n<\/div>\n<\/div><\/div>\n","protected":false},"excerpt":{"rendered":"<p>It is certain that during pregnancy, osteopathy plays a fundamental role. It helps prevent certain complications and prepares the woman for childbirth. However, the role of the osteopath is not only around pregnancy. The intervention of this manual medicine practitioner extends to the baby. In infants, osteopathy can reveal the source of discomfort. Once the [&hellip;]<\/p>\n","protected":false},"author":1,"featured_media":0,"parent":0,"menu_order":0,"comment_status":"closed","ping_status":"closed","template":"","meta":{"_uag_custom_page_level_css":"","site-sidebar-layout":"default","site-content-layout":"","ast-site-content-layout":"default","site-content-style":"default","site-sidebar-style":"default","ast-global-header-display":"","ast-banner-title-visibility":"","ast-main-header-display":"","ast-hfb-above-header-display":"","ast-hfb-below-header-display":"","ast-hfb-mobile-header-display":"","site-post-title":"disabled","ast-breadcrumbs-content":"","ast-featured-img":"","footer-sml-layout":"","ast-disable-related-posts":"","theme-transparent-header-meta":"","adv-header-id-meta":"","stick-header-meta":"","header-above-stick-meta":"","header-main-stick-meta":"","header-below-stick-meta":"","astra-migrate-meta-layouts":"default","ast-page-background-enabled":"default","ast-page-background-meta":{"desktop":{"background-color":"var(--ast-global-color-4)","background-image":"","background-repeat":"repeat","background-position":"center center","background-size":"auto","background-attachment":"scroll","background-type":"","background-media":"","overlay-type":"","overlay-color":"","overlay-opacity":"","overlay-gradient":""},"tablet":{"background-color":"","background-image":"","background-repeat":"repeat","background-position":"center center","background-size":"auto","background-attachment":"scroll","background-type":"","background-media":"","overlay-type":"","overlay-color":"","overlay-opacity":"","overlay-gradient":""},"mobile":{"background-color":"","background-image":"","background-repeat":"repeat","background-position":"center center","background-size":"auto","background-attachment":"scroll","background-type":"","background-media":"","overlay-type":"","overlay-color":"","overlay-opacity":"","overlay-gradient":""}},"ast-content-background-meta":{"desktop":{"background-color":"var(--ast-global-color-5)","background-image":"","background-repeat":"repeat","background-position":"center center","background-size":"auto","background-attachment":"scroll","background-type":"","background-media":"","overlay-type":"","overlay-color":"","overlay-opacity":"","overlay-gradient":""},"tablet":{"background-color":"var(--ast-global-color-5)","background-image":"","background-repeat":"repeat","background-position":"center center","background-size":"auto","background-attachment":"scroll","background-type":"","background-media":"","overlay-type":"","overlay-color":"","overlay-opacity":"","overlay-gradient":""},"mobile":{"background-color":"var(--ast-global-color-5)","background-image":"","background-repeat":"repeat","background-position":"center center","background-size":"auto","background-attachment":"scroll","background-type":"","background-media":"","overlay-type":"","overlay-color":"","overlay-opacity":"","overlay-gradient":""}},"footnotes":""},"class_list":["post-1581","page","type-page","status-publish","hentry"],"uagb_featured_image_src":{"full":false,"thumbnail":false,"medium":false,"medium_large":false,"large":false,"1536x1536":false,"2048x2048":false},"uagb_author_info":{"display_name":"admin_osteo","author_link":"https:\/\/osteopatheparent.ca\/en\/author\/admin_osteo\/"},"uagb_comment_info":0,"uagb_excerpt":"It is certain that during pregnancy, osteopathy plays a fundamental role. It helps prevent certain complications and prepares the woman for childbirth. However, the role of the osteopath is not only around pregnancy. The intervention of this manual medicine practitioner extends to the baby. In infants, osteopathy can reveal the source of discomfort. Once the&hellip;","_links":{"self":[{"href":"https:\/\/osteopatheparent.ca\/en\/wp-json\/wp\/v2\/pages\/1581","targetHints":{"allow":["GET"]}}],"collection":[{"href":"https:\/\/osteopatheparent.ca\/en\/wp-json\/wp\/v2\/pages"}],"about":[{"href":"https:\/\/osteopatheparent.ca\/en\/wp-json\/wp\/v2\/types\/page"}],"author":[{"embeddable":true,"href":"https:\/\/osteopatheparent.ca\/en\/wp-json\/wp\/v2\/users\/1"}],"replies":[{"embeddable":true,"href":"https:\/\/osteopatheparent.ca\/en\/wp-json\/wp\/v2\/comments?post=1581"}],"version-history":[{"count":4,"href":"https:\/\/osteopatheparent.ca\/en\/wp-json\/wp\/v2\/pages\/1581\/revisions"}],"predecessor-version":[{"id":2061,"href":"https:\/\/osteopatheparent.ca\/en\/wp-json\/wp\/v2\/pages\/1581\/revisions\/2061"}],"wp:attachment":[{"href":"https:\/\/osteopatheparent.ca\/en\/wp-json\/wp\/v2\/media?parent=1581"}],"curies":[{"name":"wp","href":"https:\/\/api.w.org\/{rel}","templated":true}]}}