{"id":1560,"date":"2022-03-23T10:22:13","date_gmt":"2022-03-23T10:22:13","guid":{"rendered":"https:\/\/osteopatheparent.ca\/daniel-parent\/"},"modified":"2024-11-13T16:59:37","modified_gmt":"2024-11-13T16:59:37","slug":"daniel-parent","status":"publish","type":"page","link":"https:\/\/osteopatheparent.ca\/en\/daniel-parent\/","title":{"rendered":"Daniel Parent"},"content":{"rendered":"\n<div class=\"wp-block-cover alignfull is-light has-parallax is-position-center-center\" style=\"min-height:60vh;aspect-ratio:unset;\"><span aria-hidden=\"true\" class=\"wp-block-cover__background has-ast-global-color-4-background-color has-background-dim\"><\/span><div class=\"wp-block-cover__image-background wp-image-420 has-parallax\" style=\"background-position:50% 50%;background-image:url(https:\/\/osteopatheparent.ca\/wp-content\/uploads\/2022\/03\/definition_osteopathie.jpg)\"><\/div><div class=\"wp-block-cover__inner-container is-layout-flow wp-block-cover-is-layout-flow\">\n<div class=\"wp-block-columns alignfull are-vertically-aligned-center is-layout-flex wp-container-core-columns-is-layout-28f84493 wp-block-columns-is-layout-flex\">\n<div class=\"wp-block-column is-vertically-aligned-center is-layout-flow wp-block-column-is-layout-flow\">\n<h1 class=\"wp-block-heading has-ast-global-color-1-color has-text-color\">D. PARENT: YOUR OSTEOPATH<\/h1>\n\n\n\n<p class=\"has-ast-global-color-5-color has-text-color\">In 1979 I obtained a B.Sc. in physical activity at <a href=\"https:\/\/www.ulaval.ca\/\" target=\"_blank\" rel=\"noreferrer noopener nofollow\">Laval University<\/a>. This skill is well appreciated by all those seeking advice in the fields;<\/p>\n\n\n\n<ul class=\"has-ast-global-color-5-color has-text-color wp-block-list\">\n<li>sport,<\/li>\n\n\n\n<li>exercises,<\/li>\n\n\n\n<li>training, whether at the gym or in nature.<\/li>\n<\/ul>\n\n\n\n<p><\/p>\n\n\n\n<div class=\"wp-block-columns is-layout-flex wp-container-core-columns-is-layout-28f84493 wp-block-columns-is-layout-flex\">\n<div class=\"wp-block-column is-layout-flow wp-block-column-is-layout-flow\">\n<div class=\"wp-block-buttons is-layout-flex wp-block-buttons-is-layout-flex\">\n<div class=\"wp-block-button\"><a class=\"wp-block-button__link wp-element-button\" href=\"https:\/\/osteopatheparent.ca\/en\/contact-parent-osteopath\/\">Contact<\/a><\/div>\n<\/div>\n<\/div>\n\n\n\n<div class=\"wp-block-column is-layout-flow wp-block-column-is-layout-flow\">\n<div data-professionalpagename=\"\" data-bookingwidgeturlparams=\"companyId=111722\" data-language=\"fr\" data-label=\"Prendre un rendez-vous\" data-url=\"https:\/\/www.gorendezvous.com\/\" class=\"gorendezvous-button\" data-buttoncolor=\"danger\" data-width=\"280px\" data-height=\"50px\"><a href=\"https:\/\/www.gorendezvous.com\/homepage\/111722\" target=\"GOrendezvous\" rel=\"noopener nofollow\">Make an appointment<\/a><\/div>\n\n<script>!function (d, s) { var js, sid = \"gorendezvous-bookingwidget-script\"; var sEl = d.getElementById(sid); if(sEl) { sEl.parentNode.removeChild(sEl); } js = d.createElement(s); js.id = sid; js.src = \"https:\/\/www.gorendezvous.com\/Scripts\/gorendezvous.bookingWidgetV2.min.js?v=\" + (Math.floor(new Date().getTime()\/(1000*60*30))*(1000*60*30)).toString(); d.body.appendChild(js); } (document, \"script\");<\/script>\n<\/div>\n<\/div>\n<\/div>\n<\/div>\n<\/div><\/div>\n\n<div class=\"inherit-container-width wp-block-group alignfull has-white-background-color has-background is-layout-constrained wp-block-group-is-layout-constrained\"><div class=\"wp-block-group__inner-container\">\n<div class=\"wp-block-columns alignwide is-layout-flex wp-container-core-columns-is-layout-28f84493 wp-block-columns-is-layout-flex\">\n<div class=\"wp-block-column is-layout-flow wp-block-column-is-layout-flow\">\n<h2 class=\"wp-block-heading has-ast-global-color-5-color has-text-color\">STUDY AT THE CEO OF MONTREAL<\/h2>\n\n\n\n<p>It was at the <a href=\"https:\/\/www.osteopathie-canada.ca\/\" target=\"_blank\" rel=\"noreferrer noopener nofollow\">Coll\u00e8ge d&#8217;\u00c9tudes Ost\u00e9opathiques de Montr\u00e9al<\/a> (CEO) that I continued my studies in osteopathy in the late 90s. I knew great teachers, like Philippe Druelle, and others. Subsequently, I participate in additional training. For example: The one on <a href=\"http:\/\/www.philippe-campignion.com\/\" target=\"_blank\" data-type=\"URL\" data-id=\"http:\/\/www.philippe-campignion.com\/\" rel=\"noreferrer noopener nofollow\">the GDS Channels<\/a>. (1)<\/p>\n<\/div>\n<\/div>\n<\/div><\/div>\n\n<div class=\"inherit-container-width wp-block-group alignfull has-background is-layout-constrained wp-block-group-is-layout-constrained\" style=\"background-color:#f5f6f7\"><div class=\"wp-block-group__inner-container\">\n<div class=\"inherit-container-width wp-block-group alignwide has-white-background-color has-background is-layout-constrained wp-block-group-is-layout-constrained\"><div class=\"wp-block-group__inner-container\">\n<div class=\"wp-block-media-text is-stacked-on-mobile\" style=\"grid-template-columns:40% auto\"><figure class=\"wp-block-media-text__media\"><img decoding=\"async\" width=\"911\" height=\"1024\" src=\"https:\/\/osteopatheparent.ca\/wp-content\/uploads\/2022\/07\/daniel-parent-911x1024.jpg\" alt=\"\" class=\"wp-image-1278 size-full\" srcset=\"https:\/\/osteopatheparent.ca\/wp-content\/uploads\/2022\/07\/daniel-parent-911x1024.jpg 911w, https:\/\/osteopatheparent.ca\/wp-content\/uploads\/2022\/07\/daniel-parent-267x300.jpg 267w, https:\/\/osteopatheparent.ca\/wp-content\/uploads\/2022\/07\/daniel-parent-768x863.jpg 768w, https:\/\/osteopatheparent.ca\/wp-content\/uploads\/2022\/07\/daniel-parent-1367x1536.jpg 1367w, https:\/\/osteopatheparent.ca\/wp-content\/uploads\/2022\/07\/daniel-parent.jpg 1617w\" sizes=\"(max-width: 911px) 100vw, 911px\" \/><\/figure><div class=\"wp-block-media-text__content\">\n<h2 class=\"wp-block-heading\">MY EXPERIENCE AS AN OSTEOPATH<\/h2>\n\n\n\n<p><strong>To be a therapist<\/strong>, and in particular to practice <strong>manual medicine<\/strong>, is to establish a relationship with people, it is to be in contact with the Intelligence of Life, it is to seek to be present at every moment.<\/p>\n\n\n\n<p><a href=\"https:\/\/osteopatheparent.ca\/en\/\">To be an osteopath<\/a> is to bear witness to the inexhaustible Life in all things, and its daily miracles. It is to attend every day demonstrations that are beyond us.<\/p>\n\n\n\n<p>The osteopath works with the universal Force of return to balance, the<strong> Healing Force<\/strong> present in everyone, and even more so in the one who consciously commits to regain health.<\/p>\n\n\n\n<div class=\"wp-block-buttons is-layout-flex wp-block-buttons-is-layout-flex\"><\/div>\n<\/div><\/div>\n<\/div><\/div>\n<\/div><\/div>\n\n<div class=\"wp-block-cover alignfull has-parallax column-service\"><span aria-hidden=\"true\" class=\"wp-block-cover__background has-ast-global-color-0-background-color has-background-dim-90 has-background-dim\"><\/span><div class=\"wp-block-cover__image-background wp-image-437 has-parallax\" style=\"background-position:50% 50%;background-image:url(https:\/\/osteopatheparent.ca\/wp-content\/uploads\/2022\/03\/neophyte_definir_osteopathie_daniel_parent.jpg)\"><\/div><div class=\"wp-block-cover__inner-container is-layout-flow wp-block-cover-is-layout-flow\">\n<div class=\"wp-block-columns alignfull is-layout-flex wp-container-core-columns-is-layout-28f84493 wp-block-columns-is-layout-flex\">\n<div class=\"wp-block-column is-vertically-aligned-center is-layout-flow wp-block-column-is-layout-flow\">\n<h2 class=\"wp-block-heading has-ast-global-color-4-color has-text-color\">MEDICINES OF THE WORLD<\/h2>\n\n\n\n<p class=\"is-style-highlight-text\"><a href=\"https:\/\/www.google.ca\/search?q=daniel%20parent%20ost%C3%A9opathe&amp;rlz=1C1CAFA_enCA632CA632&amp;oq=daniel+parent+ost%C3%A9opathe&amp;aqs=chrome..69i57j69i60.5247j0j7&amp;sourceid=chrome&amp;ie=UTF-8&amp;npsic=0&amp;rflfq=1&amp;rlha=0&amp;rllag=45413260,-73417605,17344&amp;tbm=lcl&amp;rldimm=6742701549677234205&amp;ved=0ahUKEwjL9o3XoYLWAhVI7YMKHUUFB-4QvS4IMjAA&amp;rldoc=1&amp;tbs=lrf:!3sIAE,lf:1,lf_ui:2\" rel=\"nofollow noopener\" target=\"_blank\">Daniel Parent<\/a> has always had a strong interest in several medicines, both for <strong>Western and Eastern currents<\/strong>, and in<strong> <\/strong>particular those who have a global and integral vision of the phenomena of the Living.<\/p>\n\n\n\n<p>Aspiring to understand these phenomena long before my <strong>studies in osteopathy<\/strong>, I went to meet several practitioners of non-conventional medicine, some in Canada, others overseas:<\/p>\n<\/div>\n<\/div>\n\n\n\n<div class=\"wp-block-columns alignwide is-layout-flex wp-container-core-columns-is-layout-28f84493 wp-block-columns-is-layout-flex\">\n<div class=\"wp-block-column is-layout-flow wp-block-column-is-layout-flow\">\n<ul class=\"wp-block-list\">\n<li>In Brazil, where I went to see &#8220;doctors&#8221; from the forest work.<\/li>\n<\/ul>\n<\/div>\n\n\n\n<div class=\"wp-block-column is-layout-flow wp-block-column-is-layout-flow\">\n<ul class=\"wp-block-list\" id=\"block-704e36de-f39c-4e14-a887-8d9f66a335b2\">\n<li>In the Philippines, to meet the legendary &#8220;surgeons with bare hands&#8221;.<\/li>\n<\/ul>\n<\/div>\n\n\n\n<div class=\"wp-block-column is-layout-flow wp-block-column-is-layout-flow\">\n<ul class=\"wp-block-list\">\n<li>In Africa, where I stay two years from 2011 to 2013, and visit those who operate with the elementals of nature.<\/li>\n<\/ul>\n<\/div>\n<\/div>\n\n\n\n<div class=\"wp-block-columns alignfull is-layout-flex wp-container-core-columns-is-layout-28f84493 wp-block-columns-is-layout-flex\">\n<div class=\"wp-block-column is-vertically-aligned-center is-layout-flow wp-block-column-is-layout-flow\">\n<p>During this last stay in Benin and Cameroon, I note the favorable reception of Africans to osteopathy, where this practice has not yet spread. I also discover the enthusiasm that some African doctors express about the results. Beautiful collaborations are possible, there too!<\/p>\n<\/div>\n<\/div>\n<\/div><\/div>\n\n<div class=\"inherit-container-width wp-block-group alignwide is-layout-constrained wp-block-group-is-layout-constrained\"><div class=\"wp-block-group__inner-container\">\n<div class=\"wp-block-columns alignwide is-layout-flex wp-container-core-columns-is-layout-28f84493 wp-block-columns-is-layout-flex\">\n<div class=\"wp-block-column is-layout-flow wp-block-column-is-layout-flow\" style=\"flex-basis:60%\">\n<h2 class=\"wp-block-heading\">A WORD FROM DANIEL&#8230;<\/h2>\n<\/div>\n<\/div>\n\n\n\n<div class=\"wp-block-columns alignwide is-layout-flex wp-container-core-columns-is-layout-28f84493 wp-block-columns-is-layout-flex\">\n<div class=\"wp-block-column is-layout-flow wp-block-column-is-layout-flow\" style=\"flex-basis:60%\">\n<blockquote class=\"wp-block-quote is-style-default is-layout-flow wp-block-quote-is-layout-flow\">\n<p>Health is inseparable from the <strong>psychological dimension and mental hygiene.<\/strong><\/p>\n<cite>Dans une d\u00e9marche de r\u00e9g\u00e9n\u00e9ration s\u00e9rieuse&nbsp;ces aspects sont toujours \u00e0 consid\u00e9rer . &nbsp;Pour ma propre personne j\u2019approfondis et \u00e9tudie ces aspects.<br><br>L\u2019int\u00e9r\u00eat de chacun pour ces questions diff\u00e8re. &nbsp;Il lui appartient de faire ses choix et d\u00e9marches. &nbsp;Pour ma part j\u2019ai explor\u00e9 ces domaines surtout de fa\u00e7on autodidacte, et occasionnellement de fa\u00e7on acad\u00e9mique.<br><\/cite><\/blockquote>\n<\/div>\n\n\n\n<div class=\"wp-block-column is-layout-flow wp-block-column-is-layout-flow\" style=\"flex-basis:40%\">\n<blockquote class=\"wp-block-quote is-layout-flow wp-block-quote-is-layout-flow\">\n<p><\/p>\n<cite>Cela m\u2019a men\u00e9 \u00e0 l\u2019exp\u00e9rimentation de diverse pratique, dont certaines concernent le mode de vie, ou \u201cmode d\u2019\u00eatre\u201d. &nbsp;Lorsque un individu me parle des dimensions psychiques li\u00e9s \u00e0 son probl\u00e8mes de sant\u00e9 physique, mon \u00e9coute est attentive, touch\u00e9 par un individu en cheminement.<br><\/cite><\/blockquote>\n<\/div>\n<\/div>\n\n\n\n<div class=\"wp-block-columns alignwide is-layout-flex wp-container-core-columns-is-layout-28f84493 wp-block-columns-is-layout-flex\">\n<div class=\"wp-block-column is-layout-flow wp-block-column-is-layout-flow\">\n<blockquote class=\"wp-block-quote is-layout-flow wp-block-quote-is-layout-flow\">\n<p><\/p>\n<cite>D\u00e9di\u00e9 \u00e0 mes patients par une pratique qui me comble depuis le d\u00e9but, j\u2019estime chaque jour comme une occasion d\u2019exercer la plus belle profession. &nbsp;Rigueur et exp\u00e9rience, comp\u00e9tence et vision globale sont les mots d\u2019ordre de ma vocation.<\/cite><\/blockquote>\n<\/div>\n<\/div>\n<\/div><\/div>\n\n<div class=\"wp-block-cover alignfull\"><span aria-hidden=\"true\" class=\"wp-block-cover__background has-ast-global-color-1-background-color has-background-dim-100 has-background-dim\"><\/span><div class=\"wp-block-cover__inner-container is-layout-flow wp-block-cover-is-layout-flow\">\n<div class=\"wp-block-columns alignwide is-layout-flex wp-container-core-columns-is-layout-28f84493 wp-block-columns-is-layout-flex\">\n<div class=\"wp-block-column is-layout-flow wp-block-column-is-layout-flow\">\n<h2 class=\"wp-block-heading\">LONGUEUIL<\/h2>\n\n\n\n<p>After fifteen years of practice in the Quebec metropolis, I <strong>opened an osteopathic care clinic<\/strong> in Longueuil <em>(Saint-Lambert)<\/em> in 2013 to serve clients on the <strong>South Shore <\/strong>and Mont\u00e9r\u00e9gie.  <\/p>\n<\/div>\n<\/div>\n\n\n\n<div class=\"wp-block-columns alignwide is-layout-flex wp-container-core-columns-is-layout-28f84493 wp-block-columns-is-layout-flex\">\n<div class=\"wp-block-column is-layout-flow wp-block-column-is-layout-flow\">\n<p>Osteopathic Practice D Parent is honored to welcome the residents of<\/p>\n\n\n\n<ul class=\"wp-block-list\">\n<li>Brossard,<\/li>\n\n\n\n<li>St-Hubert,<\/li>\n\n\n\n<li>Boucherville,<\/li>\n\n\n\n<li>Mont St-Bruno,<\/li>\n\n\n\n<li>La Prairie,<\/li>\n\n\n\n<li>Chambly.<\/li>\n<\/ul>\n<\/div>\n\n\n\n<div class=\"wp-block-column is-layout-flow wp-block-column-is-layout-flow\">\n<p>The clientele is composed of people of <a href=\"https:\/\/osteopatheparent.ca\/en\/what-does-osteo-care-for\/\">all conditions<\/a> and origins:<\/p>\n\n\n\n<ul class=\"wp-block-list\">\n<li>Babies<\/li>\n\n\n\n<li>children<\/li>\n\n\n\n<li>adults<\/li>\n\n\n\n<li>Seniors.<\/li>\n<\/ul>\n<\/div>\n<\/div>\n\n\n\n<div class=\"wp-block-columns alignwide is-layout-flex wp-container-core-columns-is-layout-28f84493 wp-block-columns-is-layout-flex\">\n<div class=\"wp-block-column is-layout-flow wp-block-column-is-layout-flow\">\n<p>Whether she has a long medical history, or none. Sportsmen or sedentary, etc.<\/p>\n\n\n\n<p>Welcome to all! Cabinet d&#8217;Ost\u00e9opathie D Parent presents its <strong>online agenda<\/strong> to simplify the making of appointments, subsequent modifications if necessary, or in case of cancellation. It&#8217;s as simple as by <a href=\"https:\/\/osteopatheparent.ca\/en\/contact-parent-osteopath\/\">contact form <\/a>or by phone: <a href=\"tel:5143824774\">514 382-4774<\/a><\/p>\n<\/div>\n<\/div>\n<\/div><\/div>\n\n<div class=\"inherit-container-width wp-block-group alignfull has-background is-layout-constrained wp-block-group-is-layout-constrained\" style=\"background-color:#f4f5f6\"><div class=\"wp-block-group__inner-container\">\n<div class=\"wp-block-columns alignwide are-vertically-aligned-center is-layout-flex wp-container-core-columns-is-layout-28f84493 wp-block-columns-is-layout-flex\">\n<div class=\"wp-block-column is-vertically-aligned-center is-layout-flow wp-block-column-is-layout-flow\" style=\"flex-basis:50%\">\n<div class=\"inherit-container-width wp-block-group is-layout-constrained wp-block-group-is-layout-constrained\"><div class=\"wp-block-group__inner-container\">\n<h2 class=\"wp-block-heading\">Osteopath at home<\/h2>\n\n\n\n<p class=\"is-style-highlight-text\">Osteopathy consultations at home<br\/>For any information contact me.<\/p>\n\n\n\n<h4 class=\"wp-block-heading has-ast-global-color-1-color has-text-color\"><strong>Email<\/strong><\/h4>\n\n\n\n<p><a href=\"mailto:contact@osteopatheparent.ca\">contact@osteopatheparent.ca<\/a><\/p>\n\n\n\n<h4 class=\"wp-block-heading has-ast-global-color-1-color has-text-color\"><strong>Phone<\/strong><\/h4>\n\n\n\n<p><a href=\"tel:15143824774\">+1 (514) 382-4774<\/a><\/p>\n<\/div><\/div>\n<\/div>\n\n\n\n<div class=\"wp-block-column is-vertically-aligned-center is-layout-flow wp-block-column-is-layout-flow\" style=\"flex-basis:50%\">\n<div class=\"inherit-container-width wp-block-group has-white-background-color has-background is-layout-constrained wp-block-group-is-layout-constrained\"><div class=\"wp-block-group__inner-container\"><div class=\"wpforms-container wpforms-container-full wpforms-block wpforms-block-b9267670-da55-454d-83ca-5cd7748c8ab0\" id=\"wpforms-298\"><form id=\"wpforms-form-298\" class=\"wpforms-validate wpforms-form\" data-formid=\"298\" method=\"post\" enctype=\"multipart\/form-data\" action=\"\/en\/wp-json\/wp\/v2\/pages\/1560\" data-token=\"787ee320dbac34021403fb457e301730\" data-token-time=\"1776961894\"><noscript class=\"wpforms-error-noscript\">Please enable JavaScript in your browser to complete this form.<\/noscript><div class=\"wpforms-field-container\"><div id=\"wpforms-298-field_0-container\" class=\"wpforms-field wpforms-field-name\" data-field-id=\"0\"><label class=\"wpforms-field-label wpforms-label-hide\" for=\"wpforms-298-field_0\">Name <span class=\"wpforms-required-label\">*<\/span><\/label><input type=\"text\" id=\"wpforms-298-field_0\" class=\"wpforms-field-large wpforms-field-required\" name=\"wpforms[fields][0]\" placeholder=\"Name\" required><\/div><div id=\"wpforms-298-field_1-container\" class=\"wpforms-field wpforms-field-email\" data-field-id=\"1\"><label class=\"wpforms-field-label wpforms-label-hide\" for=\"wpforms-298-field_1\">Email <span class=\"wpforms-required-label\">*<\/span><\/label><input type=\"email\" id=\"wpforms-298-field_1\" class=\"wpforms-field-large wpforms-field-required\" name=\"wpforms[fields][1]\" placeholder=\"Email\" spellcheck=\"false\" required><\/div><div id=\"wpforms-298-field_3-container\" class=\"wpforms-field wpforms-field-text\" data-field-id=\"3\"><label class=\"wpforms-field-label wpforms-label-hide\" for=\"wpforms-298-field_3\">Subject <span class=\"wpforms-required-label\">*<\/span><\/label><input type=\"text\" id=\"wpforms-298-field_3\" class=\"wpforms-field-large wpforms-field-required\" name=\"wpforms[fields][3]\" placeholder=\"Subject\" required><\/div><div id=\"wpforms-298-field_2-container\" class=\"wpforms-field wpforms-field-textarea\" data-field-id=\"2\"><label class=\"wpforms-field-label wpforms-label-hide\" for=\"wpforms-298-field_2\">Comment or Message <span class=\"wpforms-required-label\">*<\/span><\/label><textarea id=\"wpforms-298-field_2\" class=\"wpforms-field-medium wpforms-field-required\" name=\"wpforms[fields][2]\" placeholder=\"Message\" required><\/textarea><\/div><\/div><!-- .wpforms-field-container --><div class=\"wpforms-field wpforms-field-hp\"><label for=\"wpforms-298-field-hp\" class=\"wpforms-field-label\">Comment<\/label><input type=\"text\" name=\"wpforms[hp]\" id=\"wpforms-298-field-hp\" class=\"wpforms-field-medium\"><\/div><div class=\"wpforms-submit-container\" ><input type=\"hidden\" name=\"wpforms[id]\" value=\"298\"><input type=\"hidden\" name=\"page_title\" value=\"\"><input type=\"hidden\" name=\"page_url\" value=\"https:\/\/osteopatheparent.ca\/en\/wp-json\/wp\/v2\/pages\/1560\"><input type=\"hidden\" name=\"url_referer\" value=\"\"><button type=\"submit\" name=\"wpforms[submit]\" id=\"wpforms-submit-298\" class=\"wpforms-submit\" data-alt-text=\"Sending...\" data-submit-text=\"Send Message\" aria-live=\"assertive\" value=\"wpforms-submit\">Send Message<\/button><\/div><\/form><\/div>  <!-- .wpforms-container --><\/div><\/div>\n<\/div>\n<\/div>\n\n\n\n<div style=\"height:80px\" aria-hidden=\"true\" class=\"wp-block-spacer\"><\/div>\n\n\n\n<figure class=\"wp-block-image alignwide size-large\"><img decoding=\"async\" width=\"1024\" height=\"226\" src=\"https:\/\/osteopatheparent.ca\/wp-content\/uploads\/2022\/07\/osteo-02-1024x226.jpg\" alt=\"osteopathy\" class=\"wp-image-1283\" srcset=\"https:\/\/osteopatheparent.ca\/wp-content\/uploads\/2022\/07\/osteo-02-1024x226.jpg 1024w, https:\/\/osteopatheparent.ca\/wp-content\/uploads\/2022\/07\/osteo-02-300x66.jpg 300w, https:\/\/osteopatheparent.ca\/wp-content\/uploads\/2022\/07\/osteo-02-768x169.jpg 768w, https:\/\/osteopatheparent.ca\/wp-content\/uploads\/2022\/07\/osteo-02.jpg 1361w\" sizes=\"(max-width: 1024px) 100vw, 1024px\" \/><\/figure>\n\n\n\n<div class=\"wp-block-columns alignwide is-layout-flex wp-container-core-columns-is-layout-28f84493 wp-block-columns-is-layout-flex\">\n<div class=\"wp-block-column is-layout-flow wp-block-column-is-layout-flow\">\n<h3 class=\"wp-block-heading has-ast-global-color-1-color has-text-color\"><strong>BroSSaRD<\/strong><\/h3>\n\n\n\n<p>395 Maple Avenue, Saint-Lambert, QC, J4P-2S5<\/p>\n\n\n\n<p><strong>(514) 382-4774<\/strong><\/p>\n<\/div>\n\n\n\n<div class=\"wp-block-column is-layout-flow wp-block-column-is-layout-flow\">\n<h3 class=\"wp-block-heading has-ast-global-color-1-color has-text-color\"><strong>Boucherville<\/strong><\/h3>\n\n\n\n<p>395 Maple Avenue, Saint-Lambert, QC, J4P-2S5<\/p>\n\n\n\n<p><strong>(514) 382-4774<\/strong><\/p>\n<\/div>\n\n\n\n<div class=\"wp-block-column is-layout-flow wp-block-column-is-layout-flow\">\n<h3 class=\"wp-block-heading has-ast-global-color-1-color has-text-color\"><strong>Montreal<\/strong><\/h3>\n\n\n\n<p>395 Maple Avenue, Saint-Lambert, QC, J4P-2S5<\/p>\n\n\n\n<p><strong>(514) 382-4774<\/strong><\/p>\n<\/div>\n\n\n\n<div class=\"wp-block-column is-layout-flow wp-block-column-is-layout-flow\">\n<h3 class=\"wp-block-heading has-ast-global-color-1-color has-text-color\"><strong>Longueuil<\/strong><\/h3>\n\n\n\n<p class=\"is-style-highlight-text\">395 Maple Avenue, Saint-Lambert, QC, J4P-2S5<\/p>\n\n\n\n<p class=\"is-style-highlight-text\"><strong>(514) 382-4774<\/strong><\/p>\n<\/div>\n<\/div>\n<\/div><\/div>\n","protected":false},"excerpt":{"rendered":"<p>STUDY AT THE CEO OF MONTREAL It was at the Coll\u00e8ge d&#8217;\u00c9tudes Ost\u00e9opathiques de Montr\u00e9al (CEO) that I continued my studies in osteopathy in the late 90s. I knew great teachers, like Philippe Druelle, and others. Subsequently, I participate in additional training. For example: The one on the GDS Channels. (1) MY EXPERIENCE AS AN [&hellip;]<\/p>\n","protected":false},"author":1,"featured_media":0,"parent":0,"menu_order":4,"comment_status":"closed","ping_status":"closed","template":"","meta":{"_uag_custom_page_level_css":"","site-sidebar-layout":"default","site-content-layout":"","ast-site-content-layout":"default","site-content-style":"default","site-sidebar-style":"default","ast-global-header-display":"","ast-banner-title-visibility":"","ast-main-header-display":"","ast-hfb-above-header-display":"","ast-hfb-below-header-display":"","ast-hfb-mobile-header-display":"","site-post-title":"disabled","ast-breadcrumbs-content":"","ast-featured-img":"","footer-sml-layout":"","ast-disable-related-posts":"","theme-transparent-header-meta":"","adv-header-id-meta":"","stick-header-meta":"","header-above-stick-meta":"","header-main-stick-meta":"","header-below-stick-meta":"","astra-migrate-meta-layouts":"default","ast-page-background-enabled":"default","ast-page-background-meta":{"desktop":{"background-color":"var(--ast-global-color-4)","background-image":"","background-repeat":"repeat","background-position":"center center","background-size":"auto","background-attachment":"scroll","background-type":"","background-media":"","overlay-type":"","overlay-color":"","overlay-opacity":"","overlay-gradient":""},"tablet":{"background-color":"","background-image":"","background-repeat":"repeat","background-position":"center center","background-size":"auto","background-attachment":"scroll","background-type":"","background-media":"","overlay-type":"","overlay-color":"","overlay-opacity":"","overlay-gradient":""},"mobile":{"background-color":"","background-image":"","background-repeat":"repeat","background-position":"center center","background-size":"auto","background-attachment":"scroll","background-type":"","background-media":"","overlay-type":"","overlay-color":"","overlay-opacity":"","overlay-gradient":""}},"ast-content-background-meta":{"desktop":{"background-color":"var(--ast-global-color-5)","background-image":"","background-repeat":"repeat","background-position":"center center","background-size":"auto","background-attachment":"scroll","background-type":"","background-media":"","overlay-type":"","overlay-color":"","overlay-opacity":"","overlay-gradient":""},"tablet":{"background-color":"var(--ast-global-color-5)","background-image":"","background-repeat":"repeat","background-position":"center center","background-size":"auto","background-attachment":"scroll","background-type":"","background-media":"","overlay-type":"","overlay-color":"","overlay-opacity":"","overlay-gradient":""},"mobile":{"background-color":"var(--ast-global-color-5)","background-image":"","background-repeat":"repeat","background-position":"center center","background-size":"auto","background-attachment":"scroll","background-type":"","background-media":"","overlay-type":"","overlay-color":"","overlay-opacity":"","overlay-gradient":""}},"footnotes":""},"class_list":["post-1560","page","type-page","status-publish","hentry"],"uagb_featured_image_src":{"full":false,"thumbnail":false,"medium":false,"medium_large":false,"large":false,"1536x1536":false,"2048x2048":false},"uagb_author_info":{"display_name":"admin_osteo","author_link":"https:\/\/osteopatheparent.ca\/en\/author\/admin_osteo\/"},"uagb_comment_info":0,"uagb_excerpt":"STUDY AT THE CEO OF MONTREAL It was at the Coll\u00e8ge d&#8217;\u00c9tudes Ost\u00e9opathiques de Montr\u00e9al (CEO) that I continued my studies in osteopathy in the late 90s. I knew great teachers, like Philippe Druelle, and others. Subsequently, I participate in additional training. For example: The one on the GDS Channels. (1) MY EXPERIENCE AS AN&hellip;","_links":{"self":[{"href":"https:\/\/osteopatheparent.ca\/en\/wp-json\/wp\/v2\/pages\/1560","targetHints":{"allow":["GET"]}}],"collection":[{"href":"https:\/\/osteopatheparent.ca\/en\/wp-json\/wp\/v2\/pages"}],"about":[{"href":"https:\/\/osteopatheparent.ca\/en\/wp-json\/wp\/v2\/types\/page"}],"author":[{"embeddable":true,"href":"https:\/\/osteopatheparent.ca\/en\/wp-json\/wp\/v2\/users\/1"}],"replies":[{"embeddable":true,"href":"https:\/\/osteopatheparent.ca\/en\/wp-json\/wp\/v2\/comments?post=1560"}],"version-history":[{"count":4,"href":"https:\/\/osteopatheparent.ca\/en\/wp-json\/wp\/v2\/pages\/1560\/revisions"}],"predecessor-version":[{"id":2082,"href":"https:\/\/osteopatheparent.ca\/en\/wp-json\/wp\/v2\/pages\/1560\/revisions\/2082"}],"wp:attachment":[{"href":"https:\/\/osteopatheparent.ca\/en\/wp-json\/wp\/v2\/media?parent=1560"}],"curies":[{"name":"wp","href":"https:\/\/api.w.org\/{rel}","templated":true}]}}